{"id":10864,"date":"2023-12-17T20:44:42","date_gmt":"2023-12-17T19:44:42","guid":{"rendered":"https:\/\/www.comptoircolis.com\/?page_id=10864"},"modified":"2023-12-17T20:58:27","modified_gmt":"2023-12-17T19:58:27","slug":"cookies","status":"publish","type":"page","link":"https:\/\/www.comptoircolis.com\/index.php\/cookies\/","title":{"rendered":"Cookies"},"content":{"rendered":"<p>&nbsp;<\/p>\n<h2><strong>ComptoirColis<\/strong><\/h2>\n<p>COOKIES<br \/>\nLe Site utilise des Cookies. Les Cookies sont des petits fichiers qui sont d\u00e9pos\u00e9s sur l\u2019ordinateur de l\u2019Utilisateur dans le seul but de faciliter sa navigation sur le Site et de personnaliser le service qui lui est propos\u00e9.<br \/>\nNous utilisons les types de cookies suivants :<br \/>\n\u2022 Cookies strictement n\u00e9cessaires<br \/>\nIl s\u2019agit de cookies qui sont n\u00e9cessaires au bon fonctionnement de nos sites Internet, applications ou services. \u00c0 titre d\u2019exemple, ces cookies vous permettent d\u2019acc\u00e9der aux parties s\u00e9curis\u00e9es de notre site Internet.<br \/>\n\u2022 Cookies de performance et statistiques<br \/>\nCes cookies collectent des informations relatives \u00e0 la fa\u00e7on dont les visiteurs et utilisateurs utilisent nos sites Internet, applications et services, comme, par exemple, quelle fonctionnalit\u00e9 est la plus utilis\u00e9e par les visiteurs et si ceux-ci re\u00e7oivent des messages d\u2019erreurs provenant de diff\u00e9rentes zones des sites Internet, applications ou services. Ces cookies ne collectent pas d\u2019informations susceptibles de permettre l\u2019identification d\u2019un visiteur ou d\u2019un utilisateur. Toutes les informations collect\u00e9es par ces cookies sont regroup\u00e9es et, par cons\u00e9quent, anonymes. Nous utilisons uniquement ces cookies afin d\u2019am\u00e9liorer le fonctionnement de nos sites Internet, applications et services.<br \/>\n\u2022 Cookies fonctionnels<br \/>\nCes cookies permettent \u00e0 nos sites Internet, applications et services de se rappeler vos choix (tels que votre nom d\u2019utilisateur, votre langue ou la r\u00e9gion o\u00f9 vous vous situez) et de proposer des fonctionnalit\u00e9s am\u00e9lior\u00e9es, plus personnelles. Ces cookies peuvent \u00e9galement \u00eatre utilis\u00e9s afin de se rappeler les changements que vous avez apport\u00e9s \u00e0 la police ou \u00e0 la taille des caract\u00e8res ainsi qu\u2019aux autres parties personnalisables des pages Web. Ils peuvent \u00e9galement \u00eatre utilis\u00e9s afin de vous fournir les services que vous avez demand\u00e9. Les informations collect\u00e9es par ces cookies peuvent \u00eatre rendues anonymes ; en outre, ces cookies ne permettent pas de suivre votre activit\u00e9 de navigation sur d\u2019autres sites Internet.<br \/>\n\u2022 Cookies de ciblage ou publicitaires<br \/>\nCes cookies sont utilis\u00e9s afin de d\u00e9livrer des publicit\u00e9s qui vous sont plus adapt\u00e9es ainsi qu\u2019\u00e0 vos centres d\u2019int\u00e9r\u00eat. Ils servent \u00e9galement \u00e0 limiter le nombre de fois o\u00f9 vous visualisez une publicit\u00e9 et aident \u00e9galement \u00e0 mesurer l\u2019efficacit\u00e9 d\u2019une campagne publicitaire. Ils sont habituellement plac\u00e9s par les r\u00e9seaux publicitaires, avec la permission des exploitants des sites Internet. Ils se rappellent que vous avez visit\u00e9 un site Internet et cette information est partag\u00e9e avec d\u2019autres soci\u00e9t\u00e9s, comme des publicitaires. Tr\u00e8s souvent, les cookies \u00e0 des fins de ciblage marketing ou publicitaires sont li\u00e9s \u00e0 une fonctionnalit\u00e9 du site fournie par une autre soci\u00e9t\u00e9.<br \/>\n\u2022 Balises Web et autres technologies de tra\u00e7abilit\u00e9<br \/>\nNous utilisons \u00e9galement des cookies, ainsi que d\u2019autres logiciels similaires, connus sous le nom de balises Web, afin de comptabiliser le nombre d\u2019utilisateurs ayant visit\u00e9 notre site Internet apr\u00e8s avoir cliqu\u00e9 sur l\u2019une de nos publicit\u00e9s se trouvant sur un autre site Internet ou dans un e-mail et de r\u00e9cup\u00e9rer le d\u00e9tail des produits ou services achet\u00e9s. Ces balises Web collectent des informations limit\u00e9es qui ne permettent pas l\u2019identification d\u2019une personne en particulier. Il vous est impossible de refuser l\u2019utilisation des balises Web. Cependant et parce qu\u2019elles sont utilis\u00e9es conjointement avec des cookies, vous pourrez effectivement les d\u00e9sactiver en param\u00e9trant votre navigateur de fa\u00e7on \u00e0 restreindre ou \u00e0 bloquer les cookies.<br \/>\n\u2022 Adresse IP et donn\u00e9es relatives au trafic<br \/>\nNous conservons une trace des donn\u00e9es de trafic enregistr\u00e9es automatiquement par nos serveurs, telles que votre adresse IP, les informations relatives \u00e0 votre appareil, au site Internet que vous avez visit\u00e9 avant le n\u00f4tre et au site Internet que vous avez visit\u00e9 apr\u00e8s avoir quitt\u00e9 le n\u00f4tre. Nous collectons \u00e9galement certaines statistiques en provenance de sites, d\u2019applications et de services, telles que les fr\u00e9quences d\u2019acc\u00e8s, les pages consult\u00e9es et affich\u00e9es. Nous ne sommes pas en mesure d\u2019identifier une personne physique \u00e0 partir des donn\u00e9es de trafic ou des statistiques du site.<br \/>\nA chaque connexion sur le Site, <strong>ComptoirColis<\/strong> re\u00e7oit et enregistre certains types d\u2019informations (par exemple: le type et la version du navigateur du Client, son syst\u00e8me d\u2019exploitation et sa plate-forme, la liste des solutions consult\u00e9es, les dates et heures de visite\u2026). Ces informations sont con\u00e7ues pour \u00eatre utilis\u00e9es uniquement par <strong>ComptoirColis<\/strong><br \/>\nAfin de b\u00e9n\u00e9ficier de l\u2019ensemble des fonctionnalit\u00e9s du Site, il est donc pr\u00e9f\u00e9rable que l\u2019Utilisateur param\u00e8tre son navigateur Internet (Chrome, Firefox, Edge, Internet Explorer \u2026) pour que celui-ci accepte les cookies.<br \/>\nToutefois, l\u2019utilisateur est enti\u00e8rement libre de s\u2019opposer \u00e0 l\u2019enregistrement de ces cookies s\u2019il ne souhaite pas que <strong>ComptoirColis<\/strong> recueille ses donn\u00e9es de navigation. En effet, La plupart des navigateurs Internet indique comment refuser et d\u00e9sactiver les cookies ou comment obtenir un message qui signalera \u00e0 l\u2019utilisateur l\u2019envoi de cookies.<br \/>\nLes fonctionnalit\u00e9s de Google Analytics pour les annonceurs display sont activ\u00e9es pour sur ce site (Remarketing).<br \/>\nGoogle utilise des cookies pour diffuser nos annonces sur les sites de son r\u00e9seau Display.<br \/>\nGr\u00e2ce au cookie DoubleClick, Google adapte les annonces diffus\u00e9es aux utilisateurs en fonction de leur navigation sur notre site.<br \/>\nCONTENU ET UTILISATION DES INFORMATIONS<br \/>\nwww.ComptoirColis.com : Responsable d\u2019\u00e9dition :<strong> David\u00a0 BEAUDRY<\/strong>\u00a0: Toutes les images, photos, illustrations et mises en page figurant sur le site <strong>ComptoirColis<\/strong> \u2013 sont la propri\u00e9t\u00e9 exclusive de la soci\u00e9t\u00e9 SAS DIXIECIEL LOGISTICS TRANSPORTS\u00a0 &amp; ou ayant-droit.<br \/>\nToute exploitation de celles-ci \u00e0 des fins commerciales est interdite, et fera syst\u00e9matiquement l\u2019objet de poursuites. SAS DIXIECIEL LOGISTICS TRANSPORTS\u00a0 &amp; ne pourrait \u00eatre en aucun cas tenu pour responsable du contenu des sites de ces partenaires.<br \/>\nImages de fond : ISTOCKIMAGES<br \/>\nPar cons\u00e9quent, toute reproduction, repr\u00e9sentation, utilisation, adaptation, modification, incorporation, traduction, commercialisation, partielles ou int\u00e9grales, du Site et\/ou des pages de <strong>ComptoirColis<\/strong> des r\u00e9seaux sociaux ou de leurs \u00e9l\u00e9ments, par quelque proc\u00e9d\u00e9 et sur quelque support que ce soit (papier, num\u00e9rique, \u2026) sont interdites, sans l\u2019autorisation \u00e9crite pr\u00e9alable de SAS DIXIECIEL LOGISTICS TRANSPORTS &amp; sous peine de constituer un d\u00e9lit de contrefa\u00e7on de droit d\u2019auteur et\/ou de dessins et mod\u00e8les et\/ou de marque.<br \/>\nCR\u00c9DITS PHOTOS<br \/>\nPhotographies<br \/>\nPhotos libres de droit Pixabay.com<br \/>\nVersion du 01\/10\/2023\u00a9 SAS DIXIECIEL LOGISTICS TRANSPORTS &amp;<br \/>\nWeb: https:\/\/www.comptoircolis.com\/ \u00a9 All Rights Reserved 2023<\/p>\n<p>&nbsp;<\/p>\n<p>&nbsp;<\/p>\n<p>&nbsp;<\/p>\n<p>&nbsp;<\/p>\n<p>&nbsp;<\/p>\n<p>&nbsp;<\/p>\n<p>&nbsp;<\/p>\n<p>&nbsp;<\/p>\n<p>&nbsp;<\/p>\n<p>&nbsp;<\/p>\n<h3><\/h3>\n<h3><\/h3>\n<h3><\/h3>\n<h3><\/h3>\n<h3><strong>ComptoirColis<\/strong><\/h3>\n<p>re\u00e7oit et enregistre certains types d\u2019informations (par exemple: le type et la version du navigateur du Client, son syst\u00e8me d\u2019exploitation et sa plate-forme, la liste des solutions consult\u00e9es, les dates et heures de visite\u2026). Ces informations sont con\u00e7ues pour \u00eatre utilis\u00e9es uniquement par HAPYGOOD<br \/>\nAfin de b\u00e9n\u00e9ficier de l\u2019ensemble des fonctionnalit\u00e9s du Site, il est donc pr\u00e9f\u00e9rable que l\u2019Utilisateur param\u00e8tre son navigateur Internet (Chrome, Firefox, Edge, Internet Explorer \u2026) pour que celui-ci accepte les cookies.<br \/>\nToutefois, l\u2019utilisateur est enti\u00e8rement libre de s\u2019opposer \u00e0 l\u2019enregistrement de ces cookies s\u2019il ne souhaite pas que HAPYGOOD recueille ses donn\u00e9es de navigation. En effet, La plupart des navigateurs Internet indique comment refuser et d\u00e9sactiver les cookies ou comment obtenir un message qui signalera \u00e0 l\u2019utilisateur l\u2019envoi de cookies.<br \/>\nLes fonctionnalit\u00e9s de Google Analytics pour les annonceurs display sont activ\u00e9es pour sur ce site (Remarketing).<br \/>\nGoogle utilise des cookies pour diffuser nos annonces sur les sites de son r\u00e9seau Display.<br \/>\nGr\u00e2ce au cookie DoubleClick, Google adapte les annonces diffus\u00e9es aux utilisateurs en fonction de leur navigation sur notre site.<br \/>\nCONTENU ET UTILISATION DES INFORMATIONS<br \/>\nwww.hapygood.com : Responsable d\u2019\u00e9dition :<strong>\u00a0David\u00a0 B<\/strong>. : Toutes les images, photos, illustrations et mises en page figurant sur le site HAPYGOOD \u2013 sont la propri\u00e9t\u00e9 exclusive de la soci\u00e9t\u00e9 GOODCO GROUP &amp; ou ayant-droit.<br \/>\nToute exploitation de celles-ci \u00e0 des fins commerciales est interdite, et fera syst\u00e9matiquement l\u2019objet de poursuites. GOODCO GROUP &amp; ne pourrait \u00eatre en aucun cas tenu pour responsable du contenu des sites de ces partenaires.<br \/>\nImages de fond : ISTOCKIMAGES<br \/>\nPar cons\u00e9quent, toute reproduction, repr\u00e9sentation, utilisation, adaptation, modification, incorporation, traduction, commercialisation, partielles ou int\u00e9grales, du Site et\/ou des pages de HAPYGOOD des r\u00e9seaux sociaux ou de leurs \u00e9l\u00e9ments, par quelque proc\u00e9d\u00e9 et sur quelque support que ce soit (papier, num\u00e9rique, \u2026) sont interdites, sans l\u2019autorisation \u00e9crite pr\u00e9alable de GOODCO GROUP &amp; sous peine de constituer un d\u00e9lit de contrefa\u00e7on de droit d\u2019auteur et\/ou de dessins et mod\u00e8les et\/ou de marque.<br \/>\nCR\u00c9DITS PHOTOS<br \/>\nPhotographies<br \/>\nPhotos libres de droit Pixabay.com<br \/>\nVersion du 20\/04\/2019\u00a9 GOODCO GROUP &amp;<br \/>\nWeb: https:\/\/www.hapygood.com\/ \u00a9 All Rights Reserved 2020<\/p>\n<p>re\u00e7oit et enregistre certains types d\u2019informations (par exemple: le type et la version du navigateur du Client, son syst\u00e8me d\u2019exploitation et sa plate-forme, la liste des solutions consult\u00e9es, les dates et heures de visite\u2026). Ces informations sont con\u00e7ues pour \u00eatre utilis\u00e9es uniquement par HAPYGOOD<br \/>\nAfin de b\u00e9n\u00e9ficier de l\u2019ensemble des fonctionnalit\u00e9s du Site, il est donc pr\u00e9f\u00e9rable que l\u2019Utilisateur param\u00e8tre son navigateur Internet (Chrome, Firefox, Edge, Internet Explorer \u2026) pour que celui-ci accepte les cookies.<br \/>\nToutefois, l\u2019utilisateur est enti\u00e8rement libre de s\u2019opposer \u00e0 l\u2019enregistrement de ces cookies s\u2019il ne souhaite pas que HAPYGOOD recueille ses donn\u00e9es de navigation. En effet, La plupart des navigateurs Internet indique comment refuser et d\u00e9sactiver les cookies ou comment obtenir un message qui signalera \u00e0 l\u2019utilisateur l\u2019envoi de cookies.<br \/>\nLes fonctionnalit\u00e9s de Google Analytics pour les annonceurs display sont activ\u00e9es pour sur ce site (Remarketing).<br \/>\nGoogle utilise des cookies pour diffuser nos annonces sur les sites de son r\u00e9seau Display.<br \/>\nGr\u00e2ce au cookie DoubleClick, Google adapte les annonces diffus\u00e9es aux utilisateurs en fonction de leur navigation sur notre site.<br \/>\nCONTENU ET UTILISATION DES INFORMATIONS<br \/>\nwww.hapygood.com : Responsable d\u2019\u00e9dition :<strong>\u00a0David\u00a0 B<\/strong>. : Toutes les images, photos, illustrations et mises en page figurant sur le site HAPYGOOD \u2013 sont la propri\u00e9t\u00e9 exclusive de la soci\u00e9t\u00e9 GOODCO GROUP &amp; ou ayant-droit.<br \/>\nToute exploitation de celles-ci \u00e0 des fins commerciales est interdite, et fera syst\u00e9matiquement l\u2019objet de poursuites. GOODCO GROUP &amp; ne pourrait \u00eatre en aucun cas tenu pour responsable du contenu des sites de ces partenaires.<br \/>\nImages de fond : ISTOCKIMAGES<br \/>\nPar cons\u00e9quent, toute reproduction, repr\u00e9sentation, utilisation, adaptation, modification, incorporation, traduction, commercialisation, partielles ou int\u00e9grales, du Site et\/ou des pages de HAPYGOOD des r\u00e9seaux sociaux ou de leurs \u00e9l\u00e9ments, par quelque proc\u00e9d\u00e9 et sur quelque support que ce soit (papier, num\u00e9rique, \u2026) sont interdites, sans l\u2019autorisation \u00e9crite pr\u00e9alable de GOODCO GROUP &amp; sous peine de constituer un d\u00e9lit de contrefa\u00e7on de droit d\u2019auteur et\/ou de dessins et mod\u00e8les et\/ou de marque.<br \/>\nCR\u00c9DITS PHOTOS<br \/>\nPhotographies<br \/>\nPhotos libres de droit Pixabay.com<br \/>\nVersion du 20\/04\/2019\u00a9 GOODCO GROUP &amp;<br \/>\nWeb: https:\/\/www.hapygood.com\/ \u00a9 All Rights Reserved 2020<\/p>\n<h3><strong>ComptoirColis<\/strong><\/h3>\n<p>&nbsp;<\/p>\n<p><strong>ComptoirColis<\/strong><\/p>\n","protected":false},"excerpt":{"rendered":"<p>&nbsp; ComptoirColis COOKIES Le Site utilise des Cookies. Les Cookies sont des petits fichiers qui sont d\u00e9pos\u00e9s sur l\u2019ordinateur de l\u2019Utilisateur dans le seul but de faciliter sa navigation sur le Site et de personnaliser le service qui lui est propos\u00e9. Nous utilisons les types de cookies suivants : \u2022 Cookies strictement n\u00e9cessaires Il s\u2019agit &hellip; <a href=\"https:\/\/www.comptoircolis.com\/index.php\/cookies\/\" class=\"more-link\">Continue reading <span class=\"screen-reader-text\">Cookies<\/span><\/a><\/p>\n","protected":false},"author":1,"featured_media":0,"parent":0,"menu_order":0,"comment_status":"closed","ping_status":"closed","template":"","meta":{"footnotes":""},"class_list":["post-10864","page","type-page","status-publish","hentry"],"_links":{"self":[{"href":"https:\/\/www.comptoircolis.com\/index.php\/wp-json\/wp\/v2\/pages\/10864","targetHints":{"allow":["GET"]}}],"collection":[{"href":"https:\/\/www.comptoircolis.com\/index.php\/wp-json\/wp\/v2\/pages"}],"about":[{"href":"https:\/\/www.comptoircolis.com\/index.php\/wp-json\/wp\/v2\/types\/page"}],"author":[{"embeddable":true,"href":"https:\/\/www.comptoircolis.com\/index.php\/wp-json\/wp\/v2\/users\/1"}],"replies":[{"embeddable":true,"href":"https:\/\/www.comptoircolis.com\/index.php\/wp-json\/wp\/v2\/comments?post=10864"}],"version-history":[{"count":5,"href":"https:\/\/www.comptoircolis.com\/index.php\/wp-json\/wp\/v2\/pages\/10864\/revisions"}],"predecessor-version":[{"id":10870,"href":"https:\/\/www.comptoircolis.com\/index.php\/wp-json\/wp\/v2\/pages\/10864\/revisions\/10870"}],"wp:attachment":[{"href":"https:\/\/www.comptoircolis.com\/index.php\/wp-json\/wp\/v2\/media?parent=10864"}],"curies":[{"name":"wp","href":"https:\/\/api.w.org\/{rel}","templated":true}]}}