{"id":8600,"date":"2022-04-20T19:21:17","date_gmt":"2022-04-20T17:21:17","guid":{"rendered":"https:\/\/www.comptoircolis.com\/?page_id=8600"},"modified":"2023-01-07T12:03:21","modified_gmt":"2023-01-07T11:03:21","slug":"nos-partenaires","status":"publish","type":"page","link":"https:\/\/www.comptoircolis.com\/index.php\/nos-partenaires\/","title":{"rendered":"Nos partenaires transporteurs"},"content":{"rendered":"\t\t<div data-elementor-type=\"wp-page\" data-elementor-id=\"8600\" class=\"elementor elementor-8600\">\n\t\t\t\t\t\t\t\t\t<section class=\"elementor-section elementor-top-section elementor-element elementor-element-778db118 elementor-section-boxed elementor-section-height-default elementor-section-height-default\" data-id=\"778db118\" data-element_type=\"section\">\n\t\t\t\t\t\t<div class=\"elementor-container elementor-column-gap-default\">\n\t\t\t\t\t<div class=\"elementor-column elementor-col-100 elementor-top-column elementor-element elementor-element-4ab9417\" data-id=\"4ab9417\" data-element_type=\"column\">\n\t\t\t<div class=\"elementor-widget-wrap elementor-element-populated\">\n\t\t\t\t\t\t\t\t<div class=\"elementor-element elementor-element-1ace776c elementor-widget elementor-widget-text-editor\" data-id=\"1ace776c\" data-element_type=\"widget\" data-widget_type=\"text-editor.default\">\n\t\t\t\t<div class=\"elementor-widget-container\">\n\t\t\t<style>\/*! elementor - v3.9.2 - 21-12-2022 *\/\n.elementor-widget-text-editor.elementor-drop-cap-view-stacked .elementor-drop-cap{background-color:#818a91;color:#fff}.elementor-widget-text-editor.elementor-drop-cap-view-framed .elementor-drop-cap{color:#818a91;border:3px solid;background-color:transparent}.elementor-widget-text-editor:not(.elementor-drop-cap-view-default) .elementor-drop-cap{margin-top:8px}.elementor-widget-text-editor:not(.elementor-drop-cap-view-default) .elementor-drop-cap-letter{width:1em;height:1em}.elementor-widget-text-editor .elementor-drop-cap{float:left;text-align:center;line-height:1;font-size:50px}.elementor-widget-text-editor .elementor-drop-cap-letter{display:inline-block}<\/style>\t\t\t\t<p><br><\/p>\n<p><br><\/p>\n<p><span style=\"color: rgb(100, 100, 100); font-family: &quot;Open Sans&quot;, &quot;Helvetica Neue&quot;, Helvetica, Arial, sans-serif; font-size: 13px; background-color: rgb(255, 255, 255);\">Envoyez vos colis avec <b>ComptoirColis.com <\/b>partout en France, en Europe et dans le monde.&nbsp;<\/span><span style=\"font-family: var(--tb-text-primary-font); font-weight: bolder;\">ComptoirColis.com<\/span><span style=\"background-color: rgb(255, 255, 255); color: rgb(100, 100, 100); font-family: &quot;Open Sans&quot;, &quot;Helvetica Neue&quot;, Helvetica, Arial, sans-serif; font-size: 13px;\">&nbsp;propose des livraisons de colis&nbsp; tr\u00e8s rapides en 24 \u00e0 72 heures \u00e0 domicile ou en point relais moins cher.<\/span><\/p>\n<p><span style=\"background-color: rgb(255, 255, 255); color: rgb(100, 100, 100); font-family: &quot;Open Sans&quot;, &quot;Helvetica Neue&quot;, Helvetica, Arial, sans-serif; font-size: 13px;\">Demandez un devis personnalis\u00e9 pour les&nbsp; :<\/span><span style=\"background-color: rgb(255, 255, 255); color: rgb(100, 100, 100); font-family: &quot;Open Sans&quot;, &quot;Helvetica Neue&quot;, Helvetica, Arial, sans-serif; font-size: 13px;\">&nbsp;DOM TOM&nbsp;<\/span><\/p>\n<p><font color=\"#646464\" face=\"Open Sans, Helvetica Neue, Helvetica, Arial, sans-serif\"><span style=\"font-size: 13px; background-color: rgb(255, 255, 255);\">&#8211; Les marchandises de plus de 100kg&nbsp; sur palette ou en Affrettement<\/span><\/font><\/p>\n<p><br><\/p>\n<p><a href=\"https:\/\/www.comptoircolis.com\/wp-content\/uploads\/2022\/05\/colissimo-logo-laposte.png\"><img loading=\"lazy\" decoding=\"async\" src=\"https:\/\/www.comptoircolis.com\/wp-content\/uploads\/2022\/05\/colissimo-logo-laposte.png\" alt=\"\" width=\"277\" height=\"128\">&nbsp;&nbsp;&nbsp; <\/a><a href=\"https:\/\/www.comptoircolis.com\/wp-content\/uploads\/2022\/05\/gls.png\"><img loading=\"lazy\" decoding=\"async\" src=\"https:\/\/www.comptoircolis.com\/wp-content\/uploads\/2022\/05\/gls-300x201.png\" alt=\"\" width=\"239\" height=\"160\">&nbsp; <\/a><a href=\"https:\/\/www.comptoircolis.com\/wp-content\/uploads\/2022\/05\/logo-dpd-pickup.jpg\"><img loading=\"lazy\" decoding=\"async\" src=\"https:\/\/www.comptoircolis.com\/wp-content\/uploads\/2022\/05\/logo-dpd-pickup.jpg\" alt=\"\" width=\"209\" height=\"145\"><\/a><a href=\"https:\/\/www.comptoircolis.com\/wp-content\/uploads\/2022\/05\/fedex-express.jpg\"><img loading=\"lazy\" decoding=\"async\" src=\"https:\/\/www.comptoircolis.com\/wp-content\/uploads\/2022\/05\/fedex-express.jpg\" alt=\"\" width=\"300\" height=\"141\"><\/a><\/p>\n<p><a href=\"https:\/\/www.comptoircolis.com\/wp-content\/uploads\/2022\/05\/apps-chronopost-950x400-1.jpg\"><img loading=\"lazy\" decoding=\"async\" src=\"https:\/\/www.comptoircolis.com\/wp-content\/uploads\/2022\/05\/apps-chronopost-950x400-1-300x126.jpg\" alt=\"\" width=\"300\" height=\"126\"><\/a> <a href=\"https:\/\/www.comptoircolis.com\/wp-content\/uploads\/2022\/05\/livraison-DPD-Classic.png\"><img loading=\"lazy\" decoding=\"async\" src=\"https:\/\/www.comptoircolis.com\/wp-content\/uploads\/2022\/05\/livraison-DPD-Classic.png\" alt=\"\" width=\"180\" height=\"135\">&nbsp;&nbsp;&nbsp;&nbsp;<\/a> <a href=\"https:\/\/www.comptoircolis.com\/wp-content\/uploads\/2022\/05\/france-express.webp\"><img loading=\"lazy\" decoding=\"async\" src=\"https:\/\/www.comptoircolis.com\/wp-content\/uploads\/2022\/05\/france-express-300x300.webp\" alt=\"\" width=\"300\" height=\"300\"><\/a><a href=\"https:\/\/www.comptoircolis.com\/wp-content\/uploads\/2022\/05\/colissimo-outre-mer.png\"><img loading=\"lazy\" decoding=\"async\" src=\"https:\/\/www.comptoircolis.com\/wp-content\/uploads\/2022\/05\/colissimo-outre-mer.png\" alt=\"\" width=\"195\" height=\"259\"><\/a><a href=\"https:\/\/www.comptoircolis.com\/wp-content\/uploads\/2022\/05\/colissimo-outre-mer.png\"> &nbsp; <\/a><\/p>\n<p><a href=\"https:\/\/www.comptoircolis.com\/wp-content\/uploads\/2022\/05\/mondial-relay.png\"><img loading=\"lazy\" decoding=\"async\" src=\"https:\/\/www.comptoircolis.com\/wp-content\/uploads\/2022\/05\/mondial-relay-300x166.png\" alt=\"\" width=\"300\" height=\"166\">&nbsp; <\/a><a href=\"https:\/\/www.comptoircolis.com\/wp-content\/uploads\/2022\/05\/logo-chronopost-pickup.png\"><img loading=\"lazy\" decoding=\"async\" src=\"https:\/\/www.comptoircolis.com\/wp-content\/uploads\/2022\/05\/logo-chronopost-pickup-300x132.png\" alt=\"\" width=\"300\" height=\"132\">&nbsp; <\/a>&nbsp;<a href=\"https:\/\/www.comptoircolis.com\/wp-content\/uploads\/2022\/05\/relaiscolis.jpg\"><img loading=\"lazy\" decoding=\"async\" src=\"https:\/\/www.comptoircolis.com\/wp-content\/uploads\/2022\/05\/relaiscolis-300x169.jpg\" alt=\"\" width=\"300\" height=\"169\"><\/a><\/p>\n<p><\/p>\n<p><a href=\"https:\/\/www.comptoircolis.com\/wp-content\/uploads\/2022\/12\/istockphoto-539280169-2048x2048-1-transformed-transformed.jpeg\"><img loading=\"lazy\" decoding=\"async\" src=\"https:\/\/www.comptoircolis.com\/wp-content\/uploads\/2022\/12\/istockphoto-539280169-2048x2048-1-transformed-transformed-1024x604.jpeg\" alt=\"\" width=\"1024\" height=\"604\"><\/a><\/p>\n<h3>Le sens du service<\/h3>\n<p>L\u2019exp\u00e9dition et la livraison de vos colis dans les meilleurs d\u00e9lais nous imposent d\u2019\u00eatre en permanence au service de notre client\u00e8le. C\u2019est pourquoi nous s\u00e9lectionnons les meilleurs transporteurs. Pr\u00e9sents au niveau national, europ\u00e9en et international, ils sont en mesure de r\u00e9pondre \u00e0 tous vos imp\u00e9ratifs dans le respect de la r\u00e9glementation en vigueur.<\/p>\n<h3>La r\u00e9activit\u00e9<\/h3>\n<p>Vous avez acc\u00e8s en temps r\u00e9el \u00e0 tous les services disponibles en fonction de la nature de votre envoi et de sa destination, sans avoir \u00e0 multiplier les recherches interminables et les ouvertures de comptes. Comptoir colis, c&rsquo;est aussi un service client unique \u00e0 votre \u00e9coute pour toutes vos questions et ce, quelque soit le transporteur choisi.<\/p>\n<h3>La transparence<\/h3>\n<p>Nous sommes conscients des enjeux li\u00e9s \u00e0 la gestion et au co\u00fbt de transport. C&rsquo;est la raison pour laquelle nous avons n\u00e9goci\u00e9 les meilleurs tarifs pour vous. Notre comparateur de prix vous communique tous les services adapt\u00e9s \u00e0 vos besoins propos\u00e9s par nos transporteurs partenaires. Vous obtenez des tarifs instantan\u00e9s en quelques clics seulement et c\u2019est vous qui choisissez le partenaire \u00e0 qui vous souhaitez confier vos plis, colis ou marchandises.<\/p>\n<h3>L&rsquo;expertise<\/h3>\n<p>\u00c0 chaque demande d\u2019exp\u00e9dition correspond une solution. Nous sommes en capacit\u00e9 de vous proposer un vaste choix de services et d\u2019options pour envoyer vos plis et colis partout dans le monde. Vous souhaitez en savoir plus sur nos offres de livraisons ? Consultez les pages de nos transporteurs partenaires ou contactez-nous via notre formulaire !<\/p>\t\t\t\t\t\t<\/div>\n\t\t\t\t<\/div>\n\t\t\t\t\t<\/div>\n\t\t<\/div>\n\t\t\t\t\t\t\t<\/div>\n\t\t<\/section>\n\t\t\t\t\t\t\t<\/div>\n\t\t","protected":false},"excerpt":{"rendered":"<p>Envoyez vos colis avec ComptoirColis.com partout en France, en Europe et dans le monde.&nbsp;ComptoirColis.com&nbsp;propose des livraisons de colis&nbsp; tr\u00e8s rapides en 24 \u00e0 72 heures \u00e0 domicile ou en point relais moins cher. Demandez un devis personnalis\u00e9 pour les&nbsp; :&nbsp;DOM TOM&nbsp; &#8211; Les marchandises de plus de 100kg&nbsp; sur palette ou en Affrettement &nbsp;&nbsp;&nbsp; &nbsp; &hellip; <a href=\"https:\/\/www.comptoircolis.com\/index.php\/nos-partenaires\/\" class=\"more-link\">Continue reading <span class=\"screen-reader-text\">Nos partenaires transporteurs<\/span><\/a><\/p>\n","protected":false},"author":1,"featured_media":0,"parent":0,"menu_order":0,"comment_status":"closed","ping_status":"closed","template":"","meta":{"footnotes":""},"class_list":["post-8600","page","type-page","status-publish","hentry"],"_links":{"self":[{"href":"https:\/\/www.comptoircolis.com\/index.php\/wp-json\/wp\/v2\/pages\/8600","targetHints":{"allow":["GET"]}}],"collection":[{"href":"https:\/\/www.comptoircolis.com\/index.php\/wp-json\/wp\/v2\/pages"}],"about":[{"href":"https:\/\/www.comptoircolis.com\/index.php\/wp-json\/wp\/v2\/types\/page"}],"author":[{"embeddable":true,"href":"https:\/\/www.comptoircolis.com\/index.php\/wp-json\/wp\/v2\/users\/1"}],"replies":[{"embeddable":true,"href":"https:\/\/www.comptoircolis.com\/index.php\/wp-json\/wp\/v2\/comments?post=8600"}],"version-history":[{"count":25,"href":"https:\/\/www.comptoircolis.com\/index.php\/wp-json\/wp\/v2\/pages\/8600\/revisions"}],"predecessor-version":[{"id":9833,"href":"https:\/\/www.comptoircolis.com\/index.php\/wp-json\/wp\/v2\/pages\/8600\/revisions\/9833"}],"wp:attachment":[{"href":"https:\/\/www.comptoircolis.com\/index.php\/wp-json\/wp\/v2\/media?parent=8600"}],"curies":[{"name":"wp","href":"https:\/\/api.w.org\/{rel}","templated":true}]}}