{"id":8715,"date":"2022-04-23T17:26:24","date_gmt":"2022-04-23T15:26:24","guid":{"rendered":"https:\/\/www.comptoircolis.com\/?page_id=8715"},"modified":"2022-05-18T19:53:54","modified_gmt":"2022-05-18T17:53:54","slug":"ecologie-depot-de-vos-cartons-usagers","status":"publish","type":"page","link":"https:\/\/www.comptoircolis.com\/index.php\/ecologie-depot-de-vos-cartons-usagers\/","title":{"rendered":"Ecologie D\u00e9p\u00f4t de vos cartons usagers"},"content":{"rendered":"<h1>R\u00e9duire l&#8217;empreinte Carbonne de mes colis ?!<\/h1>\n<p><a href=\"https:\/\/www.comptoircolis.com\/wp-content\/uploads\/2022\/05\/reduire-lempreinte-carbonne-de-mes-colis-avec-comptoircolis.png\"><img loading=\"lazy\" decoding=\"async\" class=\"size-medium wp-image-8824 alignright\" src=\"https:\/\/www.comptoircolis.com\/wp-content\/uploads\/2022\/05\/reduire-lempreinte-carbonne-de-mes-colis-avec-comptoircolis-300x283.png\" alt=\"\" width=\"300\" height=\"283\" \/><\/a><\/p>\n<p><span style=\"color: #ff0000;\"><em><strong>Blog comment l&#8217;empreinte de mes envois ,<\/strong><\/em><\/span><\/p>\n<p><span style=\"color: #ff0000;\"><em><strong>La mani\u00e8re la plus \u00e9cologique de recevoir son colis reste encore le point retrait&#8230;<\/strong><\/em><\/span><\/p>\n<p class=\"header-title-desk\">Avec La <strong>ComptoirColis<\/strong> ,j\u2019ai les moyens de r\u00e9duire, l\u2019empreinte \u00e9cologique de mes envois .<\/p>\n<p>J&rsquo;ai le bon r\u00e9flexe pour minimiser les impacts environnementaux de mes r\u00e9ception colis.<\/p>\n<p>Ainsi ,<strong>ComptoirColis<\/strong> se propose de les r\u00e9cup\u00e9rez pour vous dans son point retrait .<\/p>\n<p>De ce fait ,vous favoriser un seul d\u00e9p\u00f4t du livreur.<\/p>\n<p>En effet , en utilisant ce mode de r\u00e9ception vous r\u00e9duisiez consid\u00e9rablement votre empreinte Carbonne , vous passez d&rsquo;un indice score<strong> <span style=\"color: #ff0000;\">E<\/span> <\/strong>\u00e0 un score <strong><span style=\"color: #99cc00;\">B<\/span><\/strong>.<\/p>\n<p>&nbsp;<\/p>\n<p style=\"text-align: left;\"><a href=\"https:\/\/www.comptoircolis.com\/wp-content\/uploads\/2022\/05\/Votre-score-ecologique-parcours-de-votre-empreinte-carton-comptoir-colis-repond-favorablement.jpg\"><img loading=\"lazy\" decoding=\"async\" class=\"alignnone size-medium wp-image-8821\" src=\"https:\/\/www.comptoircolis.com\/wp-content\/uploads\/2022\/05\/Votre-score-ecologique-parcours-de-votre-empreinte-carton-comptoir-colis-repond-favorablement-300x200.jpg\" alt=\"\" width=\"300\" height=\"200\" \/><\/a><\/p>\n<p>Votre score \u00e9cologique suit les diff\u00e9rentes \u00e9tapes du parcours d\u2019envoi ou de r\u00e9ception d&rsquo;un colis : type d\u2019emballage, d\u2019affranchissement, modalit\u00e9s de d\u00e9p\u00f4t ,de livraison, ou de retrait.<\/p>\n<p>Il est exprim\u00e9 sur une \u00e9chelle de A (le moins d\u2019impacts environnementaux) \u00e0 E (le plus d\u2019impacts environnementaux) et tient compte de 3 domaines d\u2019impacts majeurs :<\/p>\n<ol class=\"block2__list\" data-v-2a665165=\"\" data-v-54b888d8=\"\">\n<li class=\"block2__listItem\" data-v-2a665165=\"\" data-v-54b888d8=\"\">le changement climatique (li\u00e9 aux \u00e9missions de gaz \u00e0 effet de serre)<\/li>\n<li class=\"block2__listItem\" data-v-2a665165=\"\" data-v-54b888d8=\"\">la qualit\u00e9 de l\u2019air (li\u00e9e aux \u00e9missions de polluants atmosph\u00e9riques)<\/li>\n<li class=\"block2__listItem\" data-v-2a665165=\"\" data-v-54b888d8=\"\">les mati\u00e8res et leur circularit\u00e9 (usage et r\u00e9utilisation des ressources dans les emballages notamment)<\/li>\n<\/ol>\n<p>Votre score ainsi obtenu ne s\u2019applique pas \u00e0 la marchandise contenue dans votre envoi mais bien au transport et \u00e0 la livraison de cette marchandise .<\/p>\n<p>&nbsp;<\/p>\n<p><em>Ecologie D\u00e9p\u00f4t de vos cartons d\u2019emballage usagers chez<\/em><strong><em> ComptoirColis<\/em><\/strong><\/p>\n<p>&nbsp;<\/p>\n<p>2) Tri emballage : d\u00e9poser vos cartons d&#8217;emballage ici &#8230;<\/p>\n<p>&nbsp;<\/p>\n<p>&nbsp;<\/p>\n<p>3) D\u00e9p\u00f4t de vos cartons usagers : installation d&rsquo;une berne \u00e0 carton.<\/p>\n","protected":false},"excerpt":{"rendered":"<p>R\u00e9duire l&#8217;empreinte Carbonne de mes colis ?! Blog comment l&#8217;empreinte de mes envois , La mani\u00e8re la plus \u00e9cologique de recevoir son colis reste encore le point retrait&#8230; Avec La ComptoirColis ,j\u2019ai les moyens de r\u00e9duire, l\u2019empreinte \u00e9cologique de mes envois . J&rsquo;ai le bon r\u00e9flexe pour minimiser les impacts environnementaux de mes r\u00e9ception colis. &hellip; <a href=\"https:\/\/www.comptoircolis.com\/index.php\/ecologie-depot-de-vos-cartons-usagers\/\" class=\"more-link\">Continue reading <span class=\"screen-reader-text\">Ecologie D\u00e9p\u00f4t de vos cartons usagers<\/span><\/a><\/p>\n","protected":false},"author":1,"featured_media":0,"parent":0,"menu_order":0,"comment_status":"closed","ping_status":"closed","template":"","meta":{"footnotes":""},"class_list":["post-8715","page","type-page","status-publish","hentry"],"_links":{"self":[{"href":"https:\/\/www.comptoircolis.com\/index.php\/wp-json\/wp\/v2\/pages\/8715","targetHints":{"allow":["GET"]}}],"collection":[{"href":"https:\/\/www.comptoircolis.com\/index.php\/wp-json\/wp\/v2\/pages"}],"about":[{"href":"https:\/\/www.comptoircolis.com\/index.php\/wp-json\/wp\/v2\/types\/page"}],"author":[{"embeddable":true,"href":"https:\/\/www.comptoircolis.com\/index.php\/wp-json\/wp\/v2\/users\/1"}],"replies":[{"embeddable":true,"href":"https:\/\/www.comptoircolis.com\/index.php\/wp-json\/wp\/v2\/comments?post=8715"}],"version-history":[{"count":15,"href":"https:\/\/www.comptoircolis.com\/index.php\/wp-json\/wp\/v2\/pages\/8715\/revisions"}],"predecessor-version":[{"id":8927,"href":"https:\/\/www.comptoircolis.com\/index.php\/wp-json\/wp\/v2\/pages\/8715\/revisions\/8927"}],"wp:attachment":[{"href":"https:\/\/www.comptoircolis.com\/index.php\/wp-json\/wp\/v2\/media?parent=8715"}],"curies":[{"name":"wp","href":"https:\/\/api.w.org\/{rel}","templated":true}]}}