{"id":8916,"date":"2022-05-18T17:02:19","date_gmt":"2022-05-18T15:02:19","guid":{"rendered":"https:\/\/www.comptoircolis.com\/?page_id=8916"},"modified":"2022-12-24T23:49:02","modified_gmt":"2022-12-24T22:49:02","slug":"assurer-un-colis","status":"publish","type":"page","link":"https:\/\/www.comptoircolis.com\/index.php\/assurer-un-colis\/","title":{"rendered":"Assurer un colis"},"content":{"rendered":"\t\t<div data-elementor-type=\"wp-page\" data-elementor-id=\"8916\" class=\"elementor elementor-8916\">\n\t\t\t\t\t\t\t\t\t<section class=\"elementor-section elementor-top-section elementor-element elementor-element-2c5beb50 elementor-section-boxed elementor-section-height-default elementor-section-height-default\" data-id=\"2c5beb50\" data-element_type=\"section\">\n\t\t\t\t\t\t<div class=\"elementor-container elementor-column-gap-default\">\n\t\t\t\t\t<div class=\"elementor-column elementor-col-100 elementor-top-column elementor-element elementor-element-38f453e7\" data-id=\"38f453e7\" data-element_type=\"column\">\n\t\t\t<div class=\"elementor-widget-wrap elementor-element-populated\">\n\t\t\t\t\t\t\t\t<div class=\"elementor-element elementor-element-1b1891f1 elementor-widget elementor-widget-text-editor\" data-id=\"1b1891f1\" data-element_type=\"widget\" data-widget_type=\"text-editor.default\">\n\t\t\t\t<div class=\"elementor-widget-container\">\n\t\t\t<style>\/*! elementor - v3.9.2 - 21-12-2022 *\/\n.elementor-widget-text-editor.elementor-drop-cap-view-stacked .elementor-drop-cap{background-color:#818a91;color:#fff}.elementor-widget-text-editor.elementor-drop-cap-view-framed .elementor-drop-cap{color:#818a91;border:3px solid;background-color:transparent}.elementor-widget-text-editor:not(.elementor-drop-cap-view-default) .elementor-drop-cap{margin-top:8px}.elementor-widget-text-editor:not(.elementor-drop-cap-view-default) .elementor-drop-cap-letter{width:1em;height:1em}.elementor-widget-text-editor .elementor-drop-cap{float:left;text-align:center;line-height:1;font-size:50px}.elementor-widget-text-editor .elementor-drop-cap-letter{display:inline-block}<\/style>\t\t\t\t<h2>Pourquoi assurer son colis ?<\/h2><p>Avec <strong>ComptoirColis<\/strong>, vous pouvez souscrire une assurance pour garantir le bien transport\u00e9 jusqu&rsquo;\u00e0 5000\u20ac par colis en cas de perte ou dommage mat\u00e9riel, y compris en cas de force majeure, sur pr\u00e9sentation de justificatifs (paliers d&rsquo;assurance : 500\u20ac &#8211; 1000\u20ac &#8211; 2000\u20ac &#8211; 5000\u20ac).<br \/>L&rsquo;assurance ne garantit pas les marchandises et documents faisant l\u2019objet de restrictions \u00e0 la prise en charge, la faute de l&rsquo;exp\u00e9diteur ou du destinataire, le vice de la chose, l&rsquo;insuffisance d&#8217;emballage.<\/p><p><a href=\"https:\/\/www.comptoircolis.com\/wp-content\/uploads\/2022\/12\/istockphoto-1264479255-1024x1024-F5jMf_lV0-transformed.jpeg\"><img loading=\"lazy\" decoding=\"async\" class=\"aligncenter wp-image-9682 size-full\" src=\"https:\/\/www.comptoircolis.com\/wp-content\/uploads\/2022\/12\/istockphoto-1264479255-1024x1024-F5jMf_lV0-transformed.jpeg\" alt=\"\" width=\"1024\" height=\"682\" \/><\/a><\/p><p>Pour en savoir plus, vous pouvez consulter nos\u00a0<a href=\"https:\/\/www.chronoshop2shop.fr\/fr\/conditions-generales-vente\">Conditions G\u00e9n\u00e9rales de Vente Shop2Shop<\/a>.<\/p><h2>Comment activer l&rsquo;assurance ?<\/h2><p>Sur le\u00a0<a href=\"https:\/\/www.chronoshop2shop.fr\/shop2shop-en-ligne\/#\/etape-1\">parcours d&rsquo;achat de l&rsquo;\u00e9tiquette colis<\/a>, d\u00e8s l&rsquo;\u00e9tape 1, vous avez la possibilit\u00e9 d&rsquo;assurer votre colis.<br \/>Pour cela, apr\u00e8s avoir choisi la tranche de poids de votre colis, faites glisser le bouton pour activer l&rsquo;assurance<\/p><p>Saisissez ensuite la valeur de votre colis puis cliquez sur\u00a0<strong>ACTIVER<\/strong><br \/>La mention \u00ab\u00a0Votre assurance a bien \u00e9t\u00e9 prise en compte\u00a0\u00bb pr\u00e9sente en dessous du Prix total TTC confirme l&rsquo;activation de votre assurance.<\/p><p>Faites emballer votre colis ici &#8230;<\/p><p>Un carton adapt\u00e9 \u00e0 votre marchandise votre garantie 2 choses primordiales :<\/p><ul><li>Nous arriv\u00e9e \u00e0 destination conforme<\/li><li>La satisfaction visuel de votre image de marque et de votre s\u00e9rieux .<\/li><\/ul><p>Peut importe la taille du produit ou de l&rsquo;article , <strong>ComptoirColis<\/strong> travaille pour vous !<\/p><p>En souscrivant \u00e0 un abonnement chez <strong>ComptoirColis &gt;&gt;<\/strong> L<em>e retour du colis peuvent \u00eatre gratuit sur certaines conditions :<\/em><\/p><ul><li>Service additionnel gratuit &#8211; suivi colis &#8211; r\u00e9clamation aux transporteurs , gestion des litiges, photos constitutions dossiers .<\/li><\/ul><p>Il y a 1000 raisons de choisir <strong>ComptoirColis.com , 1000 raisons de nous faire confiance !\u00a0<\/strong><\/p><p><a href=\"https:\/\/www.comptoircolis.com\/wp-content\/uploads\/2022\/12\/istockphoto-1169620514-1024x1024-transformed.jpeg\"><img loading=\"lazy\" decoding=\"async\" class=\"aligncenter wp-image-9671 size-medium\" src=\"https:\/\/www.comptoircolis.com\/wp-content\/uploads\/2022\/12\/istockphoto-1169620514-1024x1024-transformed-300x300.jpeg\" alt=\"\" width=\"300\" height=\"300\" \/><\/a><\/p><header class=\"article-header\"><h1 class=\"article-title\" title=\"Articles interdits et non couverts\">Articles interdits et non couverts<\/h1><\/header><section class=\"article-info\"><div class=\"article-content\"><div class=\"article-body\"><p><strong>Les articles inclus dans la liste des marchandises interdites\/non couvertes ne font l&rsquo;objet d&rsquo;aucune indemnisation.<\/strong><\/p><\/div><h2>Articles interdits<\/h2><p>Produits interdits qui ne peuvent \u00eatre exp\u00e9di\u00e9s via nos services car ils n\u00e9cessitent une manipulation sp\u00e9cifique<\/p><\/div><p>Les articles interdits ne peuvent pas \u00eatre exp\u00e9di\u00e9s via <strong>ComptoirColis<\/strong> pour des raisons de restrictions du transporteur et pour des raisons de s\u00e9curit\u00e9.<\/p><div class=\"row\"><div class=\"col-xs-12 col-sm-6 \"><div class=\"card col-xs-12 col-sm-12 \"><div class=\"col-xs-12\"><p class=\"card-title\">Denr\u00e9e P\u00e9rissable<\/p><p class=\"card-text\">Articles qui demandent toutes sortes de temp\u00e9rature, humidit\u00e9, luminosit\u00e9 ou manipulation particuli\u00e8re et \/ ou sp\u00e9cifique.<\/p><\/div><\/div><\/div><div class=\"col-xs-12 col-sm-6 \"><div class=\"card col-xs-12 col-sm-12 \"><div class=\"col-xs-12\"><p class=\"card-title\">Alcool<\/p><p class=\"card-text\">Toute boisson alcoolique, quel que soit son degr\u00e9 d\u2019alcool.<\/p><\/div><\/div><\/div><div class=\"col-xs-12 col-sm-6 \"><div class=\"card col-xs-12 col-sm-12 \"><div class=\"col-xs-12\"><p class=\"card-title\">Liquides inflammables ADR<\/p><p class=\"card-text\">Briquets, liquide pour briquets, peinture \u00e0 l\u2019huile, substances adh\u00e9sives, parfums<\/p><\/div><\/div><\/div><div class=\"col-xs-12 col-sm-6 \"><div class=\"card col-xs-12 col-sm-12 \"><div class=\"col-xs-12\"><p class=\"card-title\">Gaz comprim\u00e9<\/p><p class=\"card-text\">Briquets, bouteilles de plong\u00e9e, r\u00e9servoirs \u00e0 gaz, camping-gaz, sprays, extincteurs..<\/p><\/div><\/div><\/div><div class=\"col-xs-12 col-sm-6 \"><div class=\"card col-xs-12 col-sm-12 \"><div class=\"col-xs-12\"><p class=\"card-title\">Substances corrosives<\/p><p class=\"card-text\">Batteries, mercure, acide chlorhydrique..<\/p><\/div><\/div><\/div><div class=\"col-xs-12 col-sm-6 \"><div class=\"card col-xs-12 col-sm-12 \"><div class=\"col-xs-12\"><p class=\"card-title\">Art<\/p><p class=\"card-text\">Tout type d\u2019objet d\u2019art..<\/p><\/div><\/div><\/div><div class=\"col-xs-12 col-sm-6 \"><div class=\"card col-xs-12 col-sm-12 \"><div class=\"col-xs-12\"><p class=\"card-title\">Bijoux<\/p><p class=\"card-text\">Bijoux, pierres d\u00e9coratives, pierres pr\u00e9cieuses, perles v\u00e9ritables, or.<\/p><\/div><\/div><\/div><div class=\"col-xs-12 col-sm-6 \"><div class=\"card col-xs-12 col-sm-12 \"><div class=\"col-xs-12\"><p class=\"card-title\">Antiquit\u00e9s<\/p><p class=\"card-text\">Tout objet dont la date de cr\u00e9ation ou de fabrication est \u00e9gale ou sup\u00e9rieure \u00e0 50 ans.<\/p><\/div><\/div><\/div><div class=\"col-xs-12 col-sm-6 \"><div class=\"card col-xs-12 col-sm-12 \"><div class=\"col-xs-12\"><p class=\"card-title\">Argent<\/p><p class=\"card-text\">Inclus sans s\u2019y limiter, les ch\u00e8ques, ch\u00e9quiers, actions ou parts, monnaie imprim\u00e9e, fausse monnaie, pi\u00e8ces de collection, cartes de cr\u00e9dit ou de d\u00e9bit.<\/p><\/div><\/div><\/div><div class=\"col-xs-12 col-sm-6 \"><div class=\"card col-xs-12 col-sm-12 \"><div class=\"col-xs-12\"><p class=\"card-title\">Timbres<\/p><p class=\"card-text\">Tout timbre ou document timbr\u00e9 \u00e9mis par le gouvernement ou par des agences officielles associ\u00e9es.<\/p><\/div><\/div><\/div><div class=\"col-xs-12 col-sm-6 \"><div class=\"card col-xs-12 col-sm-12 \"><div class=\"col-xs-8\"><p class=\"card-title\">Tabac<\/p><p class=\"card-text\">En fonction de la destination, le tabac peut \u00eatre consid\u00e9r\u00e9 un article interdit.<\/p><\/div><\/div><\/div><div class=\"col-xs-12 col-sm-6 \"><div class=\"card col-xs-12 col-sm-12 \"><div class=\"col-xs-12\"><p class=\"card-title\">M\u00e9dicaments<\/p><p class=\"card-text\">Tous types de m\u00e9dicaments, quelle que soit sa prescription.<\/p><\/div><\/div><\/div><div class=\"col-xs-12 col-sm-6 \"><div class=\"card col-xs-12 col-sm-12 \"><div class=\"col-xs-12\"><p class=\"card-title\">Restrictions Internationales<\/p><p class=\"card-text\">En fonction de l\u2019origine et \/ ou de la destination, certains articles peuvent \u00eatre consid\u00e9r\u00e9s comme interdits.<\/p><\/div><\/div><\/div><div class=\"col-xs-12 col-sm-6 \"><div class=\"card col-xs-12 col-sm-12 \"><div class=\"col-xs-12\"><p class=\"card-title\">Plantes<\/p><p class=\"card-text\">Toute plante vivante, quelle que soit son esp\u00e8ce.<\/p><\/div><\/div><\/div><div class=\"col-xs-12 col-sm-6 \"><div class=\"card col-xs-12 col-sm-12 \"><div class=\"col-xs-12\"><p class=\"card-title\">Animaux<\/p><p class=\"card-text\">Tout animal vivant ou mort.<\/p><\/div><\/div><\/div><div class=\"col-xs-12 col-sm-6 \"><div class=\"card col-xs-12 col-sm-12 \"><div class=\"col-xs-12\"><p class=\"card-title\">Autres<\/p><p class=\"card-text\">Articles magn\u00e9tis\u00e9s, moteurs, dioxyde de carbone solide (neige carbonique), pi\u00e8ces m\u00e9caniques.<\/p><\/div><\/div><\/div><div class=\"col-xs-12 col-sm-6 \"><div class=\"card col-xs-12 col-sm-12 \"><div class=\"col-xs-12\"><p class=\"card-title\">Explosifs<\/p><p class=\"card-text\">Feux d\u2019artifice, p\u00e9tards, munitions, poudre \u00e0 canon, fus\u00e9es \u00e9clairantes.<\/p><\/div><\/div><\/div><div class=\"col-xs-12 col-sm-6 \"><div class=\"card col-xs-12 col-sm-12 \"><div class=\"col-xs-12\"><p class=\"card-title\">Substances inflammables<\/p><p class=\"card-text\">Allumettes, charbon&#8230;<\/p><\/div><\/div><\/div><div class=\"col-xs-12 col-sm-6 \"><div class=\"card col-xs-12 col-sm-12 \"><div class=\"col-xs-12\"><p class=\"card-title\">\u00c9chantillons biologiques<\/p><p class=\"card-text\">Sang, urine, selles, expectoration, etc.<\/p><\/div><\/div><\/div><div class=\"col-xs-12 col-sm-6 \"><div class=\"card col-xs-12 col-sm-12 \"><div class=\"col-xs-12\"><p class=\"card-title\">Articles fun\u00e9raires<\/p><p class=\"card-text\">Reste humains, cendres.<\/p><\/div><\/div><\/div><div class=\"col-xs-12 col-sm-6 \"><div class=\"card col-xs-12 col-sm-12 \"><div class=\"col-xs-12\"><p class=\"card-title\">Armes<\/p><p class=\"card-text\">Pistolets, fusils, fusil \u00e0 air comprim\u00e9, r\u00e9plique d\u2019arme (y compris les jouets), couteaux, munitions.<\/p><\/div><\/div><\/div><div class=\"col-xs-12 col-sm-6 \"><div class=\"card col-xs-12 col-sm-12 \"><div class=\"col-xs-12\"><p class=\"card-title\">Opium et d\u00e9riv\u00e9s<\/p><p class=\"card-text\">Coca\u00efne et \/ ou substances narcotiques et \/ ou psychotropes similaires et \/ ou tout article vol\u00e9.<\/p><\/div><\/div><\/div><div class=\"col-xs-12 col-sm-6 \"><div class=\"card col-xs-12 col-sm-12 \"><div class=\"col-xs-12\"><p class=\"card-title\">Substances toxiques<\/p><p class=\"card-text\">Pesticides et autres produits chimiques agricoles, compos\u00e9s \u00e0 base de mercure, bact\u00e9ries, virus.<\/p><\/div><\/div><\/div><div class=\"col-xs-12 col-sm-6 \"><div class=\"card col-xs-12 col-sm-12 \"><div class=\"col-xs-12\"><p class=\"card-title\">Substances radioactives<\/p><p class=\"card-text\">Substances radioactives.<\/p><\/div><h1>Articles non couverts<\/h1><p>Les articles restreints sont des produits qui, m\u00eame s\u2019ils ne sont pas interdits de fa\u00e7on explicite, ne sont couverts par aucune assurance.<\/p><div class=\"col-xs-12 col-sm-6 \"><div class=\"card col-xs-12 col-sm-12 \"><div class=\"col-xs-12\"><p class=\"card-title\">Verre plat<\/p><p class=\"card-text\">Verre plat, aquarium, fen\u00eatre, parebrise, miroir&#8230;<\/p><\/div><\/div><\/div><div class=\"col-xs-12 col-sm-6 \"><div class=\"card col-xs-12 col-sm-12 \"><div class=\"col-xs-12\"><p class=\"card-title\">Emballage insuffisant<\/p><p class=\"card-text\">Marchandise ne respectant pas le guide d&#8217;emballage de<strong> ComptoirColis<\/strong><\/p><\/div><\/div><\/div><div class=\"col-xs-12 col-sm-6 \"><div class=\"card col-xs-12 col-sm-12 \"><div class=\"col-xs-12\"><p class=\"card-title\">Articles de luxe<\/p><p class=\"card-text\">Tissus brod\u00e9s ou contenant des m\u00e9taux pr\u00e9cieux, napperons, fourrures.<\/p><\/div><\/div><\/div><div class=\"col-xs-12 col-sm-6 \"><div class=\"card col-xs-12 col-sm-12 \"><div class=\"col-xs-12\"><p class=\"card-title\">\u00c9chantillons commerciaux<\/p><p class=\"card-text\">Petites quantit\u00e9s d\u2019un produit en particulier \u00e0 des fins publicitaires<\/p><\/div><\/div><\/div><div class=\"col-xs-12 col-sm-6 \"><div class=\"card col-xs-12 col-sm-12 \"><div class=\"col-xs-12\"><p class=\"card-title\">Conteneurs<\/p><p class=\"card-text\">Conteneurs, y compris valises et bagages lorsqu\u2019ils sont exp\u00e9di\u00e9s sans emballage.<\/p><\/div><\/div><\/div><div class=\"col-xs-12 col-sm-6 \"><div class=\"card col-xs-12 col-sm-12 \"><div class=\"col-xs-12\"><p class=\"card-title\">Marchandise retourn\u00e9e<\/p><p class=\"card-text\">Tout retour d&rsquo;article vers le vendeur, fournisseur<\/p><\/div><\/div><\/div><div class=\"col-xs-12 col-sm-6 \"><div class=\"card col-xs-12 col-sm-12 \"><div class=\"col-xs-12\"><p class=\"card-title\">Document original<\/p><p class=\"card-text\">Passeport, carte d&rsquo;identit\u00e9, dipl\u00f4me etc&#8230;<\/p><\/div><\/div><\/div><div class=\"col-xs-12 col-sm-6 \"><div class=\"card col-xs-12 col-sm-12 \"><div class=\"col-xs-12\"><p class=\"card-title\">Document sans valeur \u00e9conomique<\/p><p class=\"card-text\">Billet de loterie, billet \u00e9v\u00e8nementiel, ticket, ordonnance etc&#8230;<\/p><\/div><\/div><\/div><div class=\"col-xs-12 col-sm-6 \"><div class=\"card col-xs-12 col-sm-12 \"><div class=\"col-xs-12\"><p class=\"card-title\">V\u00e9hicules<\/p><p class=\"card-text\">V\u00e9hicules, remorques en tous genres,<\/p><\/div><\/div><\/div><div class=\"col-xs-12 col-sm-6 \"><div class=\"card col-xs-12 col-sm-12 \"><div class=\"col-xs-12\"><p class=\"card-title\">Min\u00e9raux<\/p><p class=\"card-text\">Marbre et autres plaques min\u00e9rales.<\/p><\/div><p>En souscrivant \u00e0 un abonnement chez <strong>ComptoirColis &gt;&gt;<\/strong> L<em>e retour du colis peuvent \u00eatre gratuit sur certaines conditions :<\/em><\/p><ul><li>Service additionnel gratuit &#8211; suivi colis &#8211; r\u00e9clamation aux transporteurs , gestion des litiges, photos constitutions dossiers .<\/li><\/ul><p style=\"text-align: center;\">Il y a 1000 raisons de choisir <strong>ComptoirColis.com , 1000 raisons de nous faire confiance ! <a href=\"https:\/\/www.comptoircolis.com\/wp-content\/uploads\/2022\/12\/istockphoto-1256603011-1024x1024-transformed.jpeg\"><img loading=\"lazy\" decoding=\"async\" class=\"alignnone wp-image-9669 size-full\" src=\"https:\/\/www.comptoircolis.com\/wp-content\/uploads\/2022\/12\/istockphoto-1256603011-1024x1024-transformed.jpeg\" alt=\"\" width=\"1024\" height=\"576\" \/><\/a><\/strong><\/p><\/div><\/div><\/div><\/div><\/div><\/section>\t\t\t\t\t\t<\/div>\n\t\t\t\t<\/div>\n\t\t\t\t\t<\/div>\n\t\t<\/div>\n\t\t\t\t\t\t\t<\/div>\n\t\t<\/section>\n\t\t\t\t\t\t\t<\/div>\n\t\t","protected":false},"excerpt":{"rendered":"<p>Pourquoi assurer son colis ? Avec ComptoirColis, vous pouvez souscrire une assurance pour garantir le bien transport\u00e9 jusqu&rsquo;\u00e0 5000\u20ac par colis en cas de perte ou dommage mat\u00e9riel, y compris en cas de force majeure, sur pr\u00e9sentation de justificatifs (paliers d&rsquo;assurance : 500\u20ac &#8211; 1000\u20ac &#8211; 2000\u20ac &#8211; 5000\u20ac).L&rsquo;assurance ne garantit pas les marchandises et &hellip; <a href=\"https:\/\/www.comptoircolis.com\/index.php\/assurer-un-colis\/\" class=\"more-link\">Continue reading <span class=\"screen-reader-text\">Assurer un colis<\/span><\/a><\/p>\n","protected":false},"author":1,"featured_media":0,"parent":0,"menu_order":0,"comment_status":"closed","ping_status":"closed","template":"","meta":{"footnotes":""},"class_list":["post-8916","page","type-page","status-publish","hentry"],"_links":{"self":[{"href":"https:\/\/www.comptoircolis.com\/index.php\/wp-json\/wp\/v2\/pages\/8916","targetHints":{"allow":["GET"]}}],"collection":[{"href":"https:\/\/www.comptoircolis.com\/index.php\/wp-json\/wp\/v2\/pages"}],"about":[{"href":"https:\/\/www.comptoircolis.com\/index.php\/wp-json\/wp\/v2\/types\/page"}],"author":[{"embeddable":true,"href":"https:\/\/www.comptoircolis.com\/index.php\/wp-json\/wp\/v2\/users\/1"}],"replies":[{"embeddable":true,"href":"https:\/\/www.comptoircolis.com\/index.php\/wp-json\/wp\/v2\/comments?post=8916"}],"version-history":[{"count":13,"href":"https:\/\/www.comptoircolis.com\/index.php\/wp-json\/wp\/v2\/pages\/8916\/revisions"}],"predecessor-version":[{"id":9700,"href":"https:\/\/www.comptoircolis.com\/index.php\/wp-json\/wp\/v2\/pages\/8916\/revisions\/9700"}],"wp:attachment":[{"href":"https:\/\/www.comptoircolis.com\/index.php\/wp-json\/wp\/v2\/media?parent=8916"}],"curies":[{"name":"wp","href":"https:\/\/api.w.org\/{rel}","templated":true}]}}