{"id":8919,"date":"2022-05-18T17:27:46","date_gmt":"2022-05-18T15:27:46","guid":{"rendered":"https:\/\/www.comptoircolis.com\/?page_id=8919"},"modified":"2023-01-31T16:12:49","modified_gmt":"2023-01-31T15:12:49","slug":"aide-faq","status":"publish","type":"page","link":"https:\/\/www.comptoircolis.com\/index.php\/aide-faq\/","title":{"rendered":"Aide &#8211; FAQ ComptoirColis.Com"},"content":{"rendered":"<h1 class=\"text-align-center\" style=\"text-align: center;\">Retrouvez nos coordonn\u00e9es et les r\u00e9ponses et conseils aux questions les plus fr\u00e9quentes ?!<\/h1>\n<p>&nbsp;<\/p>\n<p>&nbsp;<\/p>\n<h2>Pourquoi s\u2019abonner\u00a0 \u00e0\u00a0<b>ComptoirColis.com<\/b>\u00a0 ?<\/h2>\n<p>Chez\u00a0<b>ComptoirColis<\/b>\u00a0, les conseillers sont \u00e0 votre disposition pour vous guider et vous pr\u00e9senter les offres qui vous correspondent.<br \/>\nEn tant qu\u2019abonn\u00e9 \u00e0\u00a0<b>ComptoirColis.com<\/b>,\u00a0vous b\u00e9n\u00e9ficierez de nombreux avantages en mati\u00e8re de livraison, d\u2019exp\u00e9dition, d\u2019emballage, de suivi ,de mise en vente sur notre Marketplace et de partage.<\/p>\n<p><i>Est-ce que\u00a0<b>ComptoirColis\u00a0<\/b>est bien ?<\/i><\/p>\n<p><b>ComptoirColis\u00a0<\/b>est de loin le meilleur service disponible actuellement tout en un pour vous .<br \/>\nPour 19.99\u20ac au lieu de\u00a0<strong>24,99\u20ac<\/strong>\u00a0pour 6 mois et 29.99\u20ac au lieu de\u00a0<strong>34,99\u20ac<\/strong>\u00a0par an , les avantages sont incomparables.<\/p>\n<p>Les r\u00e9ductions ,et surtout le service est tr\u00e8s pratique et \u00e0 proximit\u00e9.<\/p>\n<p>&nbsp;<\/p>\n<h2 aria-hidden=\"true\">Qu\u2019est-ce qui est inclus dans l\u2019abonnement\u00a0<strong>ComptoirColis<\/strong>\u00a0?<\/h2>\n<p><strong>ComptoirColis\u00a0<\/strong>est le nom de la derni\u00e8re g\u00e9n\u00e9ration de point retrait et de d\u00e9p\u00f4t colis multi relais c\u2019est tout dire , tous vos colis d\u00e9poser et retirer en un point retrait unique imagin\u00e9 par la<b>\u00a0Star Up de la SAS DIXIECIEL GRUPP LOGISTICS TRANSPORTS<\/b><strong>\u00a0<\/strong>. Le\u00a0<b>pass<\/b>\u00a0premium est \u00a0propos\u00e9 \u00e0 19,99\u20ac au lieu de\u00a0<strong>24,99\u20ac<\/strong>\u00a0et 29,99\u00a0\u20ac\u00a0 au lieu de\u00a0<strong>34,99\u20ac<\/strong>\u00a0\u00a0pour une ann\u00e9e\u00a0 et\u00a039,99\u20ac\u00a0pour le Pass Pros pour 1 ann\u00e9e avec de nombreuses avantages unique et extraordinaire.<\/p>\n<h2 aria-hidden=\"true\">Quels sont les avantages de l\u2019abonnement\u00a0<strong>ComptoirColis<\/strong>\u00a0?<\/h2>\n<p><strong>ComptoirColis<\/strong>\u00a0est pens\u00e9 pour vous faire gagner du temps, afin de vous \u00e9viter de courir de point relais en point relais pour d\u00e9poser vos colis affranchis sur diff\u00e9rentes enseignes\u00a0 relais. ( le temps c\u2019est de l\u2019argent , et de nos jours les \u00e9conomies d\u2019essence comptent ).<\/p>\n<h2 aria-hidden=\"true\">Quel est le tarif de mon abonnement \u00e0\u00a0<strong>ComptoirColis<\/strong>\u00a0 Particulier &amp; Pros ?<\/h2>\n<p><strong>ComptoirColis<\/strong>\u00a0: remise de 5\u20ac sur le\u00a0<strong>PASS<\/strong>\u00a06 mois soit au prix de revient = 19,99\u20ac et\u00a0 29,99\u20ac pour le\u00a0<strong>PASS<\/strong>\u00a0annuel pour\u00a0<strong>Particuliers\u00a0<\/strong>ou<strong>\u00a0Pros.<\/strong><\/p>\n<p>&nbsp;<\/p>\n<h2 aria-hidden=\"true\">Quel est le tarif de mon abonnement \u00e0\u00a0<strong>ComptoirColis<\/strong>\u00a0 Pros ?<\/h2>\n<p>Le\u00a0<strong>PASS<\/strong>\u00a06 mois soit au prix de revient = 19,99\u20ac et\u00a0 29,99\u20ac pour le\u00a0<strong>PASS<\/strong>\u00a0annuel .<\/p>\n<p>&nbsp;<\/p>\n<h1 style=\"text-align: center;\">\u00a0 \u00a0 \u00a0 \u00a0 La Carte de membre PREMIUM <b>ComptoirColis<\/b><\/h1>\n<p><b>\u00a0<\/b><\/p>\n<p>C&rsquo;est la carte la plus attractive \u00e0 votre service dans ce domaine sur le march\u00e9 aujourd&rsquo;hui tous service comprise ; En souscrivant \u00e0 cette offre : vous recevrez un code de r\u00e9duction valable 6 mois ou 1 an selon l&rsquo;option de votre adh\u00e9sion choisie\u00a0 afin de r\u00e9duire vos factures d&rsquo;envois de 7 \u00e0 11 %\u00a0 par rapport au prix du site affich\u00e9 .<\/p>\n<p>Prenons un cas de figure concret : pour une exp\u00e9dition en France M\u00e9tropolitaine : Comparatif d&rsquo;une livraison \u00e0 domicile dans des conditions comparables :<\/p>\n<h3>Exemple de comparaison :<\/h3>\n<p>Tarif postal colissimo pour 1 kg\u00a0 = 8.25\u20ac en vigueur actuellement<\/p>\n<p>Tarif\u00a0ComptoirColis\u00a0pour 1kg = 8.35\u20ac &#8211; 4% avec le\u00a0pass\u00a0privil\u00e8ge\u00a0= 8.01\u20ac<\/p>\n<p>Tarif\u00a0ComptoirColis\u00a0pour 1kg = 8.35\u20ac &#8211; 7% avec le\u00a0pass\u00a0Premium 6 mois\u00a0= 7.76\u20ac avec emballage compris<\/p>\n<p>Tarif\u00a0ComptoirColis\u00a0pour 1kg = 8.35\u20ac &#8211; 11% avec le\u00a0pass\u00a0Premium 1 an\u00a0\u00a0= 7.43\u20ac avec emballage compris<\/p>\n<p>Avec<b>\u00a0ComptoirColis.com<\/b> vous avez la possibilit\u00e9 d&rsquo;avoir un carton d&#8217;emballage adapt\u00e9 gratuitement plus du calage pour votre colis s&rsquo;il en faut.<\/p>\n","protected":false},"excerpt":{"rendered":"<p>Retrouvez nos coordonn\u00e9es et les r\u00e9ponses et conseils aux questions les plus fr\u00e9quentes ?! &nbsp; &nbsp; Pourquoi s\u2019abonner\u00a0 \u00e0\u00a0ComptoirColis.com\u00a0 ? Chez\u00a0ComptoirColis\u00a0, les conseillers sont \u00e0 votre disposition pour vous guider et vous pr\u00e9senter les offres qui vous correspondent. En tant qu\u2019abonn\u00e9 \u00e0\u00a0ComptoirColis.com,\u00a0vous b\u00e9n\u00e9ficierez de nombreux avantages en mati\u00e8re de livraison, d\u2019exp\u00e9dition, d\u2019emballage, de suivi ,de &hellip; <a href=\"https:\/\/www.comptoircolis.com\/index.php\/aide-faq\/\" class=\"more-link\">Continue reading <span class=\"screen-reader-text\">Aide &#8211; FAQ ComptoirColis.Com<\/span><\/a><\/p>\n","protected":false},"author":1,"featured_media":0,"parent":0,"menu_order":0,"comment_status":"closed","ping_status":"closed","template":"","meta":{"footnotes":""},"class_list":["post-8919","page","type-page","status-publish","hentry"],"_links":{"self":[{"href":"https:\/\/www.comptoircolis.com\/index.php\/wp-json\/wp\/v2\/pages\/8919","targetHints":{"allow":["GET"]}}],"collection":[{"href":"https:\/\/www.comptoircolis.com\/index.php\/wp-json\/wp\/v2\/pages"}],"about":[{"href":"https:\/\/www.comptoircolis.com\/index.php\/wp-json\/wp\/v2\/types\/page"}],"author":[{"embeddable":true,"href":"https:\/\/www.comptoircolis.com\/index.php\/wp-json\/wp\/v2\/users\/1"}],"replies":[{"embeddable":true,"href":"https:\/\/www.comptoircolis.com\/index.php\/wp-json\/wp\/v2\/comments?post=8919"}],"version-history":[{"count":5,"href":"https:\/\/www.comptoircolis.com\/index.php\/wp-json\/wp\/v2\/pages\/8919\/revisions"}],"predecessor-version":[{"id":10495,"href":"https:\/\/www.comptoircolis.com\/index.php\/wp-json\/wp\/v2\/pages\/8919\/revisions\/10495"}],"wp:attachment":[{"href":"https:\/\/www.comptoircolis.com\/index.php\/wp-json\/wp\/v2\/media?parent=8919"}],"curies":[{"name":"wp","href":"https:\/\/api.w.org\/{rel}","templated":true}]}}