{"id":8939,"date":"2022-05-19T05:11:56","date_gmt":"2022-05-19T03:11:56","guid":{"rendered":"https:\/\/www.comptoircolis.com\/?page_id=8939"},"modified":"2022-12-25T00:00:38","modified_gmt":"2022-12-24T23:00:38","slug":"retour-colis","status":"publish","type":"page","link":"https:\/\/www.comptoircolis.com\/index.php\/retour-colis\/","title":{"rendered":"Retour Colis hors normes"},"content":{"rendered":"\t\t<div data-elementor-type=\"wp-page\" data-elementor-id=\"8939\" class=\"elementor elementor-8939\">\n\t\t\t\t\t\t\t\t\t<section class=\"elementor-section elementor-top-section elementor-element elementor-element-3a0a8147 elementor-section-boxed elementor-section-height-default elementor-section-height-default\" data-id=\"3a0a8147\" data-element_type=\"section\">\n\t\t\t\t\t\t<div class=\"elementor-container elementor-column-gap-default\">\n\t\t\t\t\t<div class=\"elementor-column elementor-col-100 elementor-top-column elementor-element elementor-element-394aad4a\" data-id=\"394aad4a\" data-element_type=\"column\">\n\t\t\t<div class=\"elementor-widget-wrap elementor-element-populated\">\n\t\t\t\t\t\t\t\t<div class=\"elementor-element elementor-element-d41d0c elementor-widget elementor-widget-text-editor\" data-id=\"d41d0c\" data-element_type=\"widget\" data-widget_type=\"text-editor.default\">\n\t\t\t\t<div class=\"elementor-widget-container\">\n\t\t\t<style>\/*! elementor - v3.9.2 - 21-12-2022 *\/\n.elementor-widget-text-editor.elementor-drop-cap-view-stacked .elementor-drop-cap{background-color:#818a91;color:#fff}.elementor-widget-text-editor.elementor-drop-cap-view-framed .elementor-drop-cap{color:#818a91;border:3px solid;background-color:transparent}.elementor-widget-text-editor:not(.elementor-drop-cap-view-default) .elementor-drop-cap{margin-top:8px}.elementor-widget-text-editor:not(.elementor-drop-cap-view-default) .elementor-drop-cap-letter{width:1em;height:1em}.elementor-widget-text-editor .elementor-drop-cap{float:left;text-align:center;line-height:1;font-size:50px}.elementor-widget-text-editor .elementor-drop-cap-letter{display:inline-block}<\/style>\t\t\t\t<h1>Retour &amp; Exp\u00e9dition Colis hors normes ou encombrant !<\/h1><p>\u00a0<\/p><p>\u00a0<\/p><p><strong>Vous \u00eates inform\u00e9 par e-mail des \u00e9tapes cl\u00e9s du parcours de votre Colis :<\/strong><\/p><p>A sa prise en charge par le transporteur ad\u00e9quate ,lors de sa livraison au destinataire.<\/p><p><a href=\"https:\/\/www.comptoircolis.com\/wp-content\/uploads\/2022\/12\/istockphoto-588954828-1024x1024-transformed.jpeg\"><img loading=\"lazy\" decoding=\"async\" class=\"wp-image-9672 size-full aligncenter\" src=\"https:\/\/www.comptoircolis.com\/wp-content\/uploads\/2022\/12\/istockphoto-588954828-1024x1024-transformed.jpeg\" alt=\"\" width=\"1024\" height=\"720\" \/><\/a><\/p><h3>Transport terrestre , messagerie<\/h3><p>\u00a0<\/p><p>Retour petit colis<\/p><p>Retour gros colis<\/p><p>100 gr \u00e0 1000 kg jusqu&rsquo;\u00e0 5 tonnes en un seul envoi<\/p><p>d\u00e9velopper de 15 cm jusqu&rsquo;\u00e0 5 m\u00e8tres de d\u00e9velopper<\/p><p>\u00a0<\/p><p>\u00a0<\/p><div class=\"wWOJcd\" tabindex=\"0\" role=\"button\" aria-controls=\"exacc_sIKXYrHlIM3IlwTFs6b4AQ8\" aria-expanded=\"true\" aria-labelledby=\"exacc_sIKXYrHlIM3IlwTFs6b4AQ6\"><div id=\"exacc_sIKXYrHlIM3IlwTFs6b4AQ6\" class=\"iDjcJe IX9Lgd wwB5gf\" aria-hidden=\"true\">Comment envoyer un colis hors norme avec <strong>ComptoirColis<\/strong> ?<\/div><div class=\"r21Kzd\" data-hveid=\"CEIQAQ\" data-ved=\"2ahUKEwix_ajvxYz4AhVN5IUKHcWZCR8Quk56BAhCEAE\">\u00a0<\/div><\/div><div id=\"exacc_sIKXYrHlIM3IlwTFs6b4AQ8\" class=\"MBtdbb\" data-ved=\"2ahUKEwix_ajvxYz4AhVN5IUKHcWZCR8Q7NUEegQIQhAD\"><div class=\"ymu2Hb\"><div id=\"_sIKXYrHlIM3IlwTFs6b4AQ28\" class=\"t0bRye r2fjmd\" data-hveid=\"CEIQBA\" data-ved=\"2ahUKEwix_ajvxYz4AhVN5IUKHcWZCR8Qu04oAHoECEIQBA\"><div id=\"MEDIA_RESULT_GROUP_9_sIKXYrHlIM3IlwTFs6b4AQ__37\"><div class=\"wDYxhc NFQFxe oHglmf xzPb7d\" data-md=\"32\" data-hveid=\"CEgQAA\" data-ved=\"2ahUKEwix_ajvxYz4AhVN5IUKHcWZCR8Q4dMGegQISBAA\"><div id=\"media_result_group\" class=\"kno-mrg-si kno-mrg kno-swp\" data-hveid=\"CEgQAQ\"><div class=\"kno-fiu kno-liu\"><div data-count=\"1\" data-hveid=\"CDoQAA\"><div><div class=\"umyQi\" data-h=\"130\" data-nr=\"1\"><div class=\"eA0Zlc ivg-i PZPZlf img-kc-m GMCzAd\" aria-hidden=\"true\" data-attrid=\"image\" data-docid=\"jq6MO0P0oRPhcM\" data-lpage=\"https:\/\/www.laposte.fr\/envoyer\/envoyer-gros-colis-volumineux-colis-lourd\" data-ni=\"1\" data-ved=\"2ahUKEwix_ajvxYz4AhVN5IUKHcWZCR8Qzkx6BAg9EAA\"><div class=\"uhHOwf BYbUcd\" data-bla=\"\">\u00a0<\/div><\/div><\/div><\/div><\/div><\/div><\/div><\/div><\/div><div id=\"WEB_ANSWERS_RESULT_12_sIKXYrHlIM3IlwTFs6b4AQ__40\"><div class=\"wDYxhc\" data-md=\"61\"><div class=\"LGOjhe\" role=\"heading\" data-attrid=\"wa:\/description\" aria-level=\"3\" data-hveid=\"CCoQAA\"><span class=\"ILfuVd\"><span class=\"hgKElc\">Emballez tous les \u00e9l\u00e9ments avec du papier bulle ou du papier mousse. <\/span><\/span><\/div><div class=\"LGOjhe\" role=\"heading\" data-attrid=\"wa:\/description\" aria-level=\"3\" data-hveid=\"CCoQAA\"><span class=\"ILfuVd\"><span class=\"hgKElc\">Placez-les dans une bo\u00eete en carton solide double ou triple cannelure .<\/span><\/span><\/div><div class=\"LGOjhe\" role=\"heading\" data-attrid=\"wa:\/description\" aria-level=\"3\" data-hveid=\"CCoQAA\"><span class=\"ILfuVd\"><span class=\"hgKElc\"> En cas de <b>colis<\/b>\u00a0lourd, veillez \u00e0 ce que les objets du dessus n&rsquo;\u00e9crasent pas ceux d&rsquo;en-dessous. <\/span><\/span><\/div><div class=\"LGOjhe\" role=\"heading\" data-attrid=\"wa:\/description\" aria-level=\"3\" data-hveid=\"CCoQAA\"><span class=\"ILfuVd\"><span class=\"hgKElc\">Bien scotch\u00e9e, l&#8217;emballage ext\u00e9rieur doit \u00eatre robuste.<\/span><\/span><\/div><\/div><\/div><\/div><\/div><\/div><div role=\"heading\" data-attrid=\"wa:\/description\" aria-level=\"3\" data-hveid=\"CCoQAA\">\u00a0<\/div><div role=\"heading\" data-attrid=\"wa:\/description\" aria-level=\"3\" data-hveid=\"CCoQAA\">\u00a0<\/div><div role=\"heading\" data-attrid=\"wa:\/description\" aria-level=\"3\" data-hveid=\"CCoQAA\">\u00a0<\/div><div role=\"heading\" data-attrid=\"wa:\/description\" aria-level=\"3\" data-hveid=\"CCoQAA\"><div class=\"wWOJcd\" tabindex=\"0\" role=\"button\" aria-controls=\"exacc_sIKXYrHlIM3IlwTFs6b4AQ3\" aria-expanded=\"true\" aria-labelledby=\"exacc_sIKXYrHlIM3IlwTFs6b4AQ1\"><div id=\"exacc_sIKXYrHlIM3IlwTFs6b4AQ1\" class=\"iDjcJe IX9Lgd wwB5gf\" aria-hidden=\"true\">Comment faire partir un gros colis ?<\/div><div class=\"YsGUOb\">\u00a0<\/div><div class=\"r21Kzd\" data-hveid=\"CDsQAQ\" data-ved=\"2ahUKEwix_ajvxYz4AhVN5IUKHcWZCR8Quk56BAg7EAE\">\u00a0<\/div><\/div><div id=\"exacc_sIKXYrHlIM3IlwTFs6b4AQ3\" class=\"MBtdbb\" data-ved=\"2ahUKEwix_ajvxYz4AhVN5IUKHcWZCR8Q7NUEegQIOxAD\"><div class=\"ymu2Hb\"><div id=\"_sIKXYrHlIM3IlwTFs6b4AQ23\" class=\"t0bRye r2fjmd\" data-hveid=\"CDsQBA\" data-ved=\"2ahUKEwix_ajvxYz4AhVN5IUKHcWZCR8Qu04oAHoECDsQBA\"><div id=\"WEB_ANSWERS_RESULT_15_sIKXYrHlIM3IlwTFs6b4AQ__43\"><div class=\"wDYxhc\" data-md=\"61\"><div class=\"LGOjhe\" role=\"heading\" data-attrid=\"wa:\/description\" aria-level=\"3\" data-hveid=\"CC8QAA\"><span class=\"ILfuVd\"><span class=\"hgKElc\">Avec Chronopost, vous pouvez exp\u00e9dier en express vos\u00a0<b>gros colis<\/b>\u00a0jusqu&rsquo;\u00e0 30 kg, partout en France comme \u00e0 l&rsquo;\u00e9tranger ! Pour exp\u00e9dier vos\u00a0<b>gros colis<\/b>, Chronopost vous propose son service s\u00e9curis\u00e9, quelle que soit leur taille.<\/span><\/span><\/div><\/div><\/div><\/div><\/div><\/div><\/div><div role=\"heading\" data-attrid=\"wa:\/description\" aria-level=\"3\" data-hveid=\"CC8QAA\">\u00a0<\/div><div role=\"heading\" data-attrid=\"wa:\/description\" aria-level=\"3\" data-hveid=\"CC8QAA\">\u00a0<\/div><div role=\"heading\" data-attrid=\"wa:\/description\" aria-level=\"3\" data-hveid=\"CC8QAA\"><div class=\"wWOJcd\" tabindex=\"0\" role=\"button\" aria-controls=\"exacc_sIKXYrHlIM3IlwTFs6b4AQ4\" aria-expanded=\"true\" aria-labelledby=\"exacc_sIKXYrHlIM3IlwTFs6b4AQ2\"><div id=\"exacc_sIKXYrHlIM3IlwTFs6b4AQ2\" class=\"iDjcJe IX9Lgd wwB5gf\" aria-hidden=\"true\">Quel transporteur pour un colis volumineux ?<\/div><div aria-hidden=\"true\">\u00a0<\/div><div class=\"r21Kzd\" data-hveid=\"CDwQAQ\" data-ved=\"2ahUKEwix_ajvxYz4AhVN5IUKHcWZCR8Quk56BAg8EAE\">\u00a0<\/div><\/div><div id=\"exacc_sIKXYrHlIM3IlwTFs6b4AQ4\" class=\"MBtdbb\" data-ved=\"2ahUKEwix_ajvxYz4AhVN5IUKHcWZCR8Q7NUEegQIPBAD\"><div class=\"ymu2Hb\"><div id=\"_sIKXYrHlIM3IlwTFs6b4AQ25\" class=\"t0bRye r2fjmd\" data-hveid=\"CDwQBA\" data-ved=\"2ahUKEwix_ajvxYz4AhVN5IUKHcWZCR8Qu04oAHoECDwQBA\"><div id=\"WEB_ANSWERS_RESULT_18_sIKXYrHlIM3IlwTFs6b4AQ__46\"><div class=\"wDYxhc\" data-md=\"61\"><div class=\"LGOjhe\" role=\"heading\" data-attrid=\"wa:\/description\" aria-level=\"3\" data-hveid=\"CC0QAA\"><span class=\"ILfuVd\"><span class=\"hgKElc\">Chronopost r\u00e9alise l&rsquo;envoi express de\u00a0<b>colis<\/b>\u00a0lourds et\u00a0<b>volumineux<\/b> en France et \u00e0 l&rsquo;international jusqu&rsquo;\u00e0 30 kg .<\/span><\/span><\/div><div role=\"heading\" data-attrid=\"wa:\/description\" aria-level=\"3\" data-hveid=\"CC0QAA\">Deuxi\u00e8ment , FRANCE EXPRESS prend en charge votre colis jusqu&rsquo;\u00e0 70 kg.<\/div><div role=\"heading\" data-attrid=\"wa:\/description\" aria-level=\"3\" data-hveid=\"CC0QAA\">Autrement , afin d&rsquo;acheminer les gros colis nous proposons de passer messagerie avec notre partenaire GEODIS ou Khenny Nagel\u00a0 envoi sur palette jusqu&rsquo;\u00e0 800kg par palette.<\/div><\/div><\/div><\/div><\/div><\/div><\/div><div role=\"heading\" data-attrid=\"wa:\/description\" aria-level=\"3\" data-hveid=\"CCoQAA\">\u00a0<\/div>\t\t\t\t\t\t<\/div>\n\t\t\t\t<\/div>\n\t\t\t\t\t<\/div>\n\t\t<\/div>\n\t\t\t\t\t\t\t<\/div>\n\t\t<\/section>\n\t\t\t\t\t\t\t<\/div>\n\t\t","protected":false},"excerpt":{"rendered":"<p>Retour &amp; Exp\u00e9dition Colis hors normes ou encombrant ! \u00a0 \u00a0 Vous \u00eates inform\u00e9 par e-mail des \u00e9tapes cl\u00e9s du parcours de votre Colis : A sa prise en charge par le transporteur ad\u00e9quate ,lors de sa livraison au destinataire. Transport terrestre , messagerie \u00a0 Retour petit colis Retour gros colis 100 gr \u00e0 1000 &hellip; <a href=\"https:\/\/www.comptoircolis.com\/index.php\/retour-colis\/\" class=\"more-link\">Continue reading <span class=\"screen-reader-text\">Retour Colis hors normes<\/span><\/a><\/p>\n","protected":false},"author":1,"featured_media":0,"parent":0,"menu_order":0,"comment_status":"closed","ping_status":"closed","template":"","meta":{"footnotes":""},"class_list":["post-8939","page","type-page","status-publish","hentry"],"_links":{"self":[{"href":"https:\/\/www.comptoircolis.com\/index.php\/wp-json\/wp\/v2\/pages\/8939","targetHints":{"allow":["GET"]}}],"collection":[{"href":"https:\/\/www.comptoircolis.com\/index.php\/wp-json\/wp\/v2\/pages"}],"about":[{"href":"https:\/\/www.comptoircolis.com\/index.php\/wp-json\/wp\/v2\/types\/page"}],"author":[{"embeddable":true,"href":"https:\/\/www.comptoircolis.com\/index.php\/wp-json\/wp\/v2\/users\/1"}],"replies":[{"embeddable":true,"href":"https:\/\/www.comptoircolis.com\/index.php\/wp-json\/wp\/v2\/comments?post=8939"}],"version-history":[{"count":12,"href":"https:\/\/www.comptoircolis.com\/index.php\/wp-json\/wp\/v2\/pages\/8939\/revisions"}],"predecessor-version":[{"id":9712,"href":"https:\/\/www.comptoircolis.com\/index.php\/wp-json\/wp\/v2\/pages\/8939\/revisions\/9712"}],"wp:attachment":[{"href":"https:\/\/www.comptoircolis.com\/index.php\/wp-json\/wp\/v2\/media?parent=8939"}],"curies":[{"name":"wp","href":"https:\/\/api.w.org\/{rel}","templated":true}]}}