{"id":10715,"date":"2023-04-02T12:22:05","date_gmt":"2023-04-02T10:22:05","guid":{"rendered":"https:\/\/www.comptoircolis.com\/?post_type=product&#038;p=10715"},"modified":"2026-01-02T12:26:48","modified_gmt":"2026-01-02T11:26:48","slug":"cad-51-caisse-carton-brune-double-cannelure-35x27x14-cm","status":"publish","type":"product","link":"https:\/\/www.comptoircolis.com\/index.php\/produit\/cad-51-caisse-carton-brune-double-cannelure-35x27x14-cm\/","title":{"rendered":"CAD 51-Caisse Carton Brune Double Cannelure 35x27x14 cm"},"content":{"rendered":"<h1>Caisse Carton Brune Double Cannelure 35x27x14 cm \u00e0 l&rsquo;unit\u00e9<\/h1>\n<h3>Cette caisse carton renforc\u00e9e est id\u00e9al et pas cher pour l&rsquo;exp\u00e9dition de vos\u00a0 produits lourds et fragiles !<\/h3>\n<p>Id\u00e9ales pour les exp\u00e9ditions, cette caisse carton est adapt\u00e9e \u00e0 tous types d\u2019envois. Solides, les cartons sont \u00e0 couverture ext\u00e9rieure kraft qui r\u00e9siste \u00e0 l\u2019humidit\u00e9, \u00e0 l\u2019\u00e9clatement, aux variations de temp\u00e9rature et au gerbage. Le transport se fait facilement avec des formats palettisables qui stabilisent l\u2019exp\u00e9dition.<\/p>\n<p><b>La caisse carton double cannelure<\/b>\u00a0prot\u00e8ge parfaitement vos petits produits lourds ou fragiles tels que des livres de poche ou des pi\u00e8ces d\u00e9tach\u00e9es.<\/p>\n<p>Sa double cannelure et son fond renforc\u00e9 sont parfaits pour l\u2019envoi de petits objets lourds ou fragiles comme des \u00e9quipements sportifs ou de musique.<\/p>\n<p>D\u00e9tail produit :<\/p>\n<p>Dimensions : 30x25x17 cm<\/p>\n<dl class=\"sku-features__item\">\n<dt>Dimensions int\u00e9rieures en cm L x l x h :\u00a0 35x27x14 cm<\/dt>\n<\/dl>\n<dl class=\"sku-features__item\">\n<dt>Couleur : brun<\/dt>\n<\/dl>\n<dl class=\"sku-features__item\">\n<dt>Type : double cannelure<\/dt>\n<dd><\/dd>\n<\/dl>\n<dl class=\"sku-features__item\">\n<dt>Poids produit :<\/dt>\n<dt>Poids support\u00e9 : jusqu&rsquo;\u00e0 5 kg<\/dt>\n<\/dl>\n<dl class=\"sku-features__item\">\n<dt>Exemples d&rsquo;utilisation : \u00e9dition<\/dt>\n<\/dl>\n<dl class=\"sku-features__item\">\n<dt>Adapt\u00e9 pour la poste : et envoi colis &#8211; oui<\/dt>\n<\/dl>\n<p>Petite Caisse Carton Brune Double Cannelure Colis<\/p>\n<p>&nbsp;<\/p>\n<p>&nbsp;<\/p>\n","protected":false},"excerpt":{"rendered":"<p>\u00c9cologiques, les caisses carton 30x20x17 sont fabriqu\u00e9es \u00e0 partir de 70 % de papier recycl\u00e9 et sont 100 % recyclables<\/p>\n","protected":false},"featured_media":10589,"comment_status":"open","ping_status":"closed","template":"","meta":[],"product_brand":[],"product_cat":[39,156],"product_tag":[],"class_list":{"0":"post-10715","1":"product","2":"type-product","3":"status-publish","4":"has-post-thumbnail","6":"product_cat-babies-toys","7":"product_cat-comment-emballer-mon-colis","10":"instock","11":"shipping-taxable","12":"purchasable","13":"product-type-simple"},"_links":{"self":[{"href":"https:\/\/www.comptoircolis.com\/index.php\/wp-json\/wp\/v2\/product\/10715","targetHints":{"allow":["GET"]}}],"collection":[{"href":"https:\/\/www.comptoircolis.com\/index.php\/wp-json\/wp\/v2\/product"}],"about":[{"href":"https:\/\/www.comptoircolis.com\/index.php\/wp-json\/wp\/v2\/types\/product"}],"replies":[{"embeddable":true,"href":"https:\/\/www.comptoircolis.com\/index.php\/wp-json\/wp\/v2\/comments?post=10715"}],"wp:featuredmedia":[{"embeddable":true,"href":"https:\/\/www.comptoircolis.com\/index.php\/wp-json\/wp\/v2\/media\/10589"}],"wp:attachment":[{"href":"https:\/\/www.comptoircolis.com\/index.php\/wp-json\/wp\/v2\/media?parent=10715"}],"wp:term":[{"taxonomy":"product_brand","embeddable":true,"href":"https:\/\/www.comptoircolis.com\/index.php\/wp-json\/wp\/v2\/product_brand?post=10715"},{"taxonomy":"product_cat","embeddable":true,"href":"https:\/\/www.comptoircolis.com\/index.php\/wp-json\/wp\/v2\/product_cat?post=10715"},{"taxonomy":"product_tag","embeddable":true,"href":"https:\/\/www.comptoircolis.com\/index.php\/wp-json\/wp\/v2\/product_tag?post=10715"}],"curies":[{"name":"wp","href":"https:\/\/api.w.org\/{rel}","templated":true}]}}