{"id":10729,"date":"2023-04-02T13:05:43","date_gmt":"2023-04-02T11:05:43","guid":{"rendered":"https:\/\/www.comptoircolis.com\/?post_type=product&#038;p=10729"},"modified":"2026-01-02T12:27:04","modified_gmt":"2026-01-02T11:27:04","slug":"cad01-caisse-brune-petit-carton-double-cannelure-25x20x15-cm","status":"publish","type":"product","link":"https:\/\/www.comptoircolis.com\/index.php\/produit\/cad01-caisse-brune-petit-carton-double-cannelure-25x20x15-cm\/","title":{"rendered":"CAD01CC-Caisse Brune Petit Carton Double Cannelure 25x20x15 cm"},"content":{"rendered":"<h1>Caisse Carton Brune Double Cannelure 25x20x15 cm<\/h1>\n<p><strong>C&rsquo;est la petite caisse carton renforc\u00e9e id\u00e9al et pas cher pour l&rsquo;exp\u00e9dition de vos petits produits lourds et fragiles !<\/strong><\/p>\n<p>Id\u00e9ales pour les exp\u00e9ditions, cette caisse carton est adapt\u00e9e \u00e0 tous types d\u2019envois. Solides, les cartons sont \u00e0 couverture ext\u00e9rieure kraft qui r\u00e9siste \u00e0 l\u2019humidit\u00e9, \u00e0 l\u2019\u00e9clatement, aux variations de temp\u00e9rature et au gerbage. Le transport se fait facilement avec des formats palettisables qui stabilisent l\u2019exp\u00e9dition.<\/p>\n<p><b>La caisse carton double cannelure<\/b>\u00a0prot\u00e8ge parfaitement vos petits produits lourds ou fragiles tels que des livres de poche ou des pi\u00e8ces d\u00e9tach\u00e9es.<\/p>\n<p>Sa double cannelure et son fond renforc\u00e9 sont parfaits pour l\u2019envoi de petits objets lourds ou fragiles comme des \u00e9quipements sportifs ou de musique.<\/p>\n<p><strong>D\u00e9tail produit :<\/strong><\/p>\n<p><strong>\u00c9cologiques, les caisses carton 20x25x15 sont fabriqu\u00e9es \u00e0 partir de 70 % de papier recycl\u00e9 et sont 100 % recyclables<\/strong><\/p>\n<p><strong>Dimensions : 25x20x15 cm<\/strong><\/p>\n<dl class=\"sku-features__item\">\n<dt><strong>Dimensions int\u00e9rieures en cm L x l x h :\u00a0 25 x 20 x 15 cm<\/strong><\/dt>\n<\/dl>\n<dl class=\"sku-features__item\">\n<dt><strong>Couleur : brun<\/strong><\/dt>\n<\/dl>\n<dl class=\"sku-features__item\">\n<dt><strong>Type : double cannelure<\/strong><\/dt>\n<dd><\/dd>\n<\/dl>\n<dl class=\"sku-features__item\">\n<dt><strong>Poids produit :<\/strong><\/dt>\n<dt><strong>Poids support\u00e9 : jusqu&rsquo;\u00e0 2 kg<\/strong><\/dt>\n<\/dl>\n<dl class=\"sku-features__item\">\n<dt><strong>Exemples d&rsquo;utilisation : \u00e9dition<\/strong><\/dt>\n<\/dl>\n<dl class=\"sku-features__item\">\n<dt><strong>Adapt\u00e9 pour l&rsquo;envoi de colis postal : et envoi multi-colis &#8211; oui<\/strong><\/dt>\n<\/dl>\n<p><strong>Petite Caisse Carton Brune Double Cannelure Colis<\/strong><\/p>\n<p><img decoding=\"async\" src=\"https:\/\/raja.scene7.com\/is\/image\/Raja\/products\/caisse-carton-brune-double-cannelure-raja-25x20x15-cm_CAD01.jpg?template=withpicto410&amp;$image=M_CAD01_BR&amp;$picto=ALL_planet&amp;hei=410&amp;wid=410\" \/><\/p>\n","protected":false},"excerpt":{"rendered":"<p>\u00c9cologiques, les caisses carton 30x22x20 sont fabriqu\u00e9es \u00e0 partir de 70 % de papier recycl\u00e9 et sont 100 % recyclables<\/p>\n","protected":false},"featured_media":10580,"comment_status":"open","ping_status":"closed","template":"","meta":[],"product_brand":[],"product_cat":[39,156],"product_tag":[],"class_list":{"0":"post-10729","1":"product","2":"type-product","3":"status-publish","4":"has-post-thumbnail","6":"product_cat-babies-toys","7":"product_cat-comment-emballer-mon-colis","10":"instock","11":"shipping-taxable","12":"purchasable","13":"product-type-simple"},"_links":{"self":[{"href":"https:\/\/www.comptoircolis.com\/index.php\/wp-json\/wp\/v2\/product\/10729","targetHints":{"allow":["GET"]}}],"collection":[{"href":"https:\/\/www.comptoircolis.com\/index.php\/wp-json\/wp\/v2\/product"}],"about":[{"href":"https:\/\/www.comptoircolis.com\/index.php\/wp-json\/wp\/v2\/types\/product"}],"replies":[{"embeddable":true,"href":"https:\/\/www.comptoircolis.com\/index.php\/wp-json\/wp\/v2\/comments?post=10729"}],"wp:featuredmedia":[{"embeddable":true,"href":"https:\/\/www.comptoircolis.com\/index.php\/wp-json\/wp\/v2\/media\/10580"}],"wp:attachment":[{"href":"https:\/\/www.comptoircolis.com\/index.php\/wp-json\/wp\/v2\/media?parent=10729"}],"wp:term":[{"taxonomy":"product_brand","embeddable":true,"href":"https:\/\/www.comptoircolis.com\/index.php\/wp-json\/wp\/v2\/product_brand?post=10729"},{"taxonomy":"product_cat","embeddable":true,"href":"https:\/\/www.comptoircolis.com\/index.php\/wp-json\/wp\/v2\/product_cat?post=10729"},{"taxonomy":"product_tag","embeddable":true,"href":"https:\/\/www.comptoircolis.com\/index.php\/wp-json\/wp\/v2\/product_tag?post=10729"}],"curies":[{"name":"wp","href":"https:\/\/api.w.org\/{rel}","templated":true}]}}